{"id":38,"date":"2024-04-08T09:08:56","date_gmt":"2024-04-08T09:08:56","guid":{"rendered":"https:\/\/lidchirurgie.clusterzone.de\/?page_id=38"},"modified":"2024-12-05T11:08:59","modified_gmt":"2024-12-05T11:08:59","slug":"ueber-uns","status":"publish","type":"page","link":"https:\/\/lidchirurgie-hamburg.de\/index.php\/ueber-uns\/","title":{"rendered":"\u00dcber uns"},"content":{"rendered":"<ul>\n<li>\n        <a href=\"tel:+494042933869\">T. 040 429 338 69<\/a>\n    <\/li>\n<li>\n        <a href=\"mailto:info@lidchirurgie-hamburg.de\">E-Mail-Kontakt<\/a>\n    <\/li>\n<li>\n        <a href=\"\/index.php\/kontakt\/\">Kontakt<\/a>\n    <\/li>\n<\/ul>\n<h1>Ihre Spezialistin f\u00fcr Lidchirurgie.<\/h1>\n<h1>Nichts ist schwerer zu erlangen<br \/>als Erfahrung und Vertrauen.<\/h1>\n<div>\n<p>Das Wichtigste, das f\u00fcr Lidchirurgen spricht, ist die Qualit\u00e4t ihrer Arbeit. Die l\u00e4sst sich leicht erkennen. <br \/>An der Zufriedenheit der Patientinnen und Patienten.<br \/>Doch gute Arbeit kommt nicht von ungef\u00e4hr, sondern von viel Erfahrung, Wissen und Gewissenhaftigkeit.<\/p>\n<\/div>\n<h1>\n<p class=\"uk-margin-small uk-width-large uk-margin-auto uk-scrollspy-inview uk-animation-slide-left-medium\" data-id=\"page#2-9-1-1\"><strong>Dr. Sylvia Green<\/strong><\/p>\n<\/h1>\n<div>\n<p><strong>Dr. Sylvia Green<\/strong> ist seit fast 20 Jahren Fach\u00e4rztin f\u00fcr Augenheilkunde mit dem Schwerpunkt lidchirurgische Eingriffe. Ihre Erfahrung umfasst alle Bereiche der funktionalen und \u00e4sthetischen Lidchirurgie mit besonderer Spezialisierung auf Lid-, Tr\u00e4nenwegs- und Orbitachirurgie. 2008 baute sie die \u00c4sthetische Chirurgie der Ober- und Unterlider mit dem CO2-Laser in der Augenklinik des Universit\u00e4ts-Krankenhauses in Hamburg-Eppendorf (UKE) gemeinsam mit Dr. Galambos auf und leitete diese bis 2024. Mit \u00fcber 5000 Operationen hat sie eine sehr hohe Expertise im Bereich Lidchirurgie und ist eine hochqualifizierte und exzellente Operateurin.<\/p>\n<p>Seit April 2024 ist sie in den Augenzentren bzw. in der Lidchirurgie Hamburg t\u00e4tig. Der fr\u00fche direkte und vertrauensvolle Kontakt zu den Patienten und Patientinnen ist ihr wichtig. Sie h\u00f6rt ihnen zu, um auch immer ihre Pers\u00f6nlichkeit zu sehen. <br \/>Lernen Sie sie und ihr erfahrenes Team kennen und lassen Sie sich beraten.<\/p>\n<\/div>\n<div>\n<p><strong>Mitgliedschaften<br \/><\/strong>Frau Dr. Green ist Mitglied der European Society of Ophthalmic Plastic and Reconstructive Surgery (ESOPRS) sowie weiterer nationaler und internationaler Fachgesellschaften und hat im Zuge der Spezialisierung das \u201eZertifikat fu\u0308r spezielle plastisch-rekonstruktive und \u00e4sthetische Chirurgie\u201c der Deutschen Ophthalmologischen Gesellschaft (DOG) erworben.\u00a0<\/p>\n<\/div>\n<p><!--more--><br \/>\n<!-- {\"type\":\"layout\",\"children\":[{\"type\":\"section\",\"props\":{\"image_position\":\"center-center\",\"padding\":\"large\",\"padding_remove_top\":true,\"style\":\"default\",\"title_breakpoint\":\"xl\",\"title_position\":\"top-left\",\"title_rotation\":\"left\",\"vertical_align\":\"\",\"width\":\"\"},\"children\":[{\"type\":\"row\",\"children\":[{\"type\":\"column\",\"props\":{\"image_position\":\"center-center\",\"position_sticky_breakpoint\":\"m\"},\"children\":[{\"type\":\"button\",\"props\":{\"grid_column_gap\":\"small\",\"grid_row_gap\":\"small\",\"margin\":\"default\",\"text_align\":\"center\",\"visibility\":\"hidden-l\"},\"children\":[{\"type\":\"button_item\",\"props\":{\"button_style\":\"primary\",\"content\":\"T. 040 429 338 69\",\"icon_align\":\"left\",\"link\":\"tel:+494042933869\"}},{\"type\":\"button_item\",\"props\":{\"button_style\":\"default\",\"content\":\"E-Mail-Kontakt\",\"icon_align\":\"left\",\"link\":\"mailto:info@lidchirurgie-hamburg.de\"}},{\"type\":\"button_item\",\"props\":{\"button_style\":\"default\",\"content\":\"Kontakt\",\"icon_align\":\"left\",\"link\":\"index.php\\\/kontakt\\\/\"}}],\"name\":\"Shortbuttons\"}]}]}],\"name\":\"Shortbuttons\"},{\"type\":\"section\",\"props\":{\"animation\":\"slide-left-medium\",\"animation_delay\":\"200\",\"image_position\":\"center-center\",\"padding\":\"large\",\"padding_remove_bottom\":false,\"padding_remove_top\":true,\"style\":\"default\",\"title_breakpoint\":\"xl\",\"title_position\":\"top-left\",\"title_rotation\":\"left\",\"vertical_align\":\"\",\"width\":\"large\"},\"children\":[{\"type\":\"row\",\"children\":[{\"type\":\"column\",\"props\":{\"image_position\":\"center-center\",\"position_sticky_breakpoint\":\"m\"},\"children\":[{\"type\":\"headline\",\"props\":{\"content\":\"Ihre Spezialistin f\\u00fcr Lidchirurgie.\",\"maxwidth\":\"2xlarge\",\"title_element\":\"h1\",\"title_style\":\"h6\"}},{\"type\":\"headline\",\"props\":{\"content\":\"Nichts ist schwerer zu erlangen<br \\\/>als Erfahrung und Vertrauen.\",\"margin\":\"remove-vertical\",\"title_element\":\"h1\",\"title_style\":\"h3\"}},{\"type\":\"text\",\"props\":{\"column_breakpoint\":\"m\",\"content\":\"\n\n<p>Das Wichtigste, das f\\u00fcr Lidchirurgen spricht, ist die Qualit\\u00e4t ihrer Arbeit. Die l\\u00e4sst sich leicht erkennen. <br \\\/>An der Zufriedenheit der Patientinnen und Patienten.<br \\\/>Doch gute Arbeit kommt nicht von ungef\\u00e4hr, sondern von viel Erfahrung, Wissen und Gewissenhaftigkeit.<\\\/p>\",\"margin\":\"default\"}}]}],\"props\":{\"margin\":\"large\",\"width\":\"large\"}}],\"name\":\"AZ Leistungen\"},{\"name\":\"AZ \\u00dcber uns links\",\"type\":\"section\",\"props\":{\"animation\":\"slide-left-medium\",\"animation_delay\":\"200\",\"image_position\":\"top-center\",\"padding\":\"large\",\"padding_remove_bottom\":false,\"padding_remove_top\":true,\"style\":\"default\",\"title_breakpoint\":\"xl\",\"title_position\":\"top-left\",\"title_rotation\":\"left\",\"vertical_align\":\"\",\"width\":\"large\"},\"children\":[{\"type\":\"row\",\"props\":{\"column_gap\":\"collapse\",\"id\":\"Winterhude\",\"layout\":\"1-2,1-2\",\"margin\":\"large\",\"margin_remove_bottom\":false,\"margin_remove_top\":false,\"match\":false,\"vertical_align\":false,\"width\":\"large\"},\"children\":[{\"type\":\"column\",\"props\":{\"css\":\".el-column {\\n\\tmin-height: 625px;\\n}\",\"image\":\"wp-content\\\/uploads\\\/2024\\\/12\\\/Aerztin_Dr.Green_.png\",\"image_position\":\"center-center\",\"image_size\":\"cover\",\"position_sticky_breakpoint\":\"m\",\"width_large\":\"1-2\",\"width_medium\":\"1-2\"}},{\"type\":\"column\",\"props\":{\"image_height\":\"328\",\"image_position\":\"center-right\",\"image_width\":\"486\",\"order_first\":\"l\",\"padding\":\"large\",\"position_sticky_breakpoint\":\"m\",\"width_large\":\"1-2\",\"width_medium\":\"1-2\"},\"children\":[{\"type\":\"headline\",\"props\":{\"block_align\":\"center\",\"content\":\"\n\n<p class=\\\"uk-margin-small uk-width-large uk-margin-auto uk-scrollspy-inview uk-animation-slide-left-medium\\\" data-id=\\\"page#2-9-1-1\\\"><strong>Dr. Sylvia Green<\\\/strong><\\\/p>\",\"id\":\"green\",\"maxwidth\":\"large\",\"title_element\":\"h1\",\"title_style\":\"h3\"}},{\"type\":\"text\",\"props\":{\"block_align\":\"center\",\"column_breakpoint\":\"m\",\"content\":\"\n\n<p><strong>Dr. Sylvia Green<\\\/strong> ist seit fast 20 Jahren Fach\\u00e4rztin f\\u00fcr Augenheilkunde mit dem Schwerpunkt lidchirurgische Eingriffe. Ihre Erfahrung umfasst alle Bereiche der funktionalen und \\u00e4sthetischen Lidchirurgie mit besonderer Spezialisierung auf Lid-, Tr\\u00e4nenwegs- und Orbitachirurgie. 2008 baute sie die \\u00c4sthetische Chirurgie der Ober- und Unterlider mit dem CO2-Laser in der Augenklinik des Universit\\u00e4ts-Krankenhauses in Hamburg-Eppendorf (UKE) gemeinsam mit Dr. Galambos auf und leitete diese bis 2024. Mit \\u00fcber 5000 Operationen hat sie eine sehr hohe Expertise im Bereich Lidchirurgie und ist eine hochqualifizierte und exzellente Operateurin.<\\\/p>\\n\n\n<p>Seit April 2024 ist sie in den Augenzentren bzw. in der Lidchirurgie Hamburg t\\u00e4tig. Der fr\\u00fche direkte und vertrauensvolle Kontakt zu den Patienten und Patientinnen ist ihr wichtig. Sie h\\u00f6rt ihnen zu, um auch immer ihre Pers\\u00f6nlichkeit zu sehen. <br \\\/>Lernen Sie sie und ihr erfahrenes Team kennen und lassen Sie sich beraten.<\\\/p>\",\"margin\":\"medium\",\"maxwidth\":\"large\"}}]}]},{\"type\":\"row\",\"props\":{\"column_gap\":\"collapse\",\"id\":\"galambos\",\"layout\":\"1-2,1-2\",\"margin\":\"large\",\"margin_remove_top\":false,\"status\":\"disabled\",\"vertical_align\":false,\"width\":\"large\"},\"children\":[{\"type\":\"column\",\"props\":{\"css\":\".el-column {\\n\\tmin-height: 625px;\\n}\",\"image\":\"wp-content\\\/uploads\\\/2024\\\/04\\\/Ueber-uns-1.jpg\",\"image_position\":\"center-center\",\"image_size\":\"cover\",\"position_sticky_breakpoint\":\"m\",\"vertical_align\":\"middle\",\"width_large\":\"1-2\",\"width_medium\":\"1-2\"}},{\"type\":\"column\",\"props\":{\"image_height\":\"910\",\"image_position\":\"center-center\",\"image_size\":\"cover\",\"image_width\":\"1300\",\"padding\":\"large\",\"position_sticky_breakpoint\":\"m\",\"width_large\":\"1-2\",\"width_medium\":\"1-2\"},\"children\":[{\"type\":\"headline\",\"props\":{\"block_align\":\"center\",\"content\":\"\n\n<p><strong>Dr. Peter Galambos<\\\/strong><\\\/p>\",\"maxwidth\":\"large\",\"title_element\":\"h1\",\"title_style\":\"h3\"}},{\"type\":\"text\",\"props\":{\"block_align\":\"center\",\"column_breakpoint\":\"m\",\"content\":\"\n\n<p><strong>Dr. Peter Galambos<\\\/strong> ist der Spezialist f\\u00fcr die Oberlidstraffung (Blepharoplastik). Als ehemaliger Leiter der Abteilung f\\u00fcr rekonstruktive und \\u00e4sthetische Augenlidchirurgie an der Universit\\u00e4ts-Augenklinik in Hamburg-Eppendorf (UKE) und als refraktiver Laserchirurg bringt er mit mehreren tausend Augenoperationen sehr gro\\u00dfe OP-Erfahrung mit. Seit 2013 leitet er die Abteilung Lidchirurgie der Augenzentren Hamburg.<\\\/p>\\n\n\n<p>Das f\\u00fcr ihn dabei nie Routine aufkommt, zeigt seine besondere Wertlegung auf pers\\u00f6nliche Beratung \\u2013 f\\u00fcr ein individuelles und bestm\\u00f6gliches Ergebnis. Denn er wei\\u00df, ein Millimeter kann im Bereich der Lidfalte den Unterschied machen zwischen nat\\u00fcrlicher Optik und sichtbarer Korrektur.<\\\/p>\",\"margin\":\"medium\",\"maxwidth\":\"large\"}}]}]}]},{\"type\":\"section\",\"props\":{\"image_position\":\"center-center\",\"style\":\"default\",\"title_breakpoint\":\"xl\",\"title_position\":\"top-left\",\"title_rotation\":\"left\",\"vertical_align\":\"\",\"width\":\"large\"},\"children\":[{\"type\":\"row\",\"children\":[{\"type\":\"column\",\"props\":{\"image_position\":\"center-center\",\"position_sticky_breakpoint\":\"m\",\"style\":\"tile-muted\"},\"children\":[{\"type\":\"text\",\"props\":{\"column_breakpoint\":\"m\",\"content\":\"\n\n<p><strong>Mitgliedschaften<br \\\/><\\\/strong>Frau Dr. Green ist Mitglied der European Society of Ophthalmic Plastic and Reconstructive Surgery (ESOPRS) sowie weiterer nationaler und internationaler Fachgesellschaften und hat im Zuge der Spezialisierung das \\u201eZertifikat fu\\u0308r spezielle plastisch-rekonstruktive und \\u00e4sthetische Chirurgie\\u201c der Deutschen Ophthalmologischen Gesellschaft (DOG) erworben.\\u00a0<\\\/p>\",\"margin\":\"default\"}}]}],\"props\":{\"margin\":\"large\",\"width\":\"large\"}}],\"name\":\"Mitgliedschaften\"},{\"type\":\"section\",\"props\":{\"image_position\":\"center-center\",\"padding_remove_top\":true,\"style\":\"default\",\"title_breakpoint\":\"xl\",\"title_position\":\"top-left\",\"title_rotation\":\"left\",\"vertical_align\":\"\",\"width\":\"large\"},\"children\":[{\"type\":\"row\",\"children\":[{\"type\":\"column\",\"props\":{\"image_position\":\"center-center\",\"position_sticky_breakpoint\":\"m\"},\"children\":[{\"type\":\"totop\",\"props\":{\"margin\":\"default\",\"text_align\":\"right\",\"title_grid_column_gap\":\"small\",\"title_grid_row_gap\":\"small\"},\"name\":\"To top\",\"modified\":\"2021-02-06T17:45:26.381Z\"}]}]}],\"name\":\"Nach oben\"}],\"version\":\"4.4.16\"} --><\/p>\n","protected":false},"excerpt":{"rendered":"<p>T. 040 429 338 69 E-Mail-Kontakt Kontakt Ihre Spezialistin f\u00fcr Lidchirurgie. Nichts ist schwerer zu erlangenals Erfahrung und Vertrauen. Das Wichtigste, das f\u00fcr Lidchirurgen spricht, ist die Qualit\u00e4t ihrer Arbeit. Die l\u00e4sst sich leicht erkennen. An der Zufriedenheit der Patientinnen und Patienten.Doch gute Arbeit kommt nicht von ungef\u00e4hr, sondern von viel Erfahrung, Wissen und Gewissenhaftigkeit. [&hellip;]<\/p>\n","protected":false},"author":1,"featured_media":0,"parent":0,"menu_order":1,"comment_status":"closed","ping_status":"closed","template":"","meta":{"footnotes":""},"class_list":["post-38","page","type-page","status-publish","hentry"],"yoast_head":"<!-- This site is optimized with the Yoast SEO plugin v27.5 - https:\/\/yoast.com\/product\/yoast-seo-wordpress\/ -->\n<title>\u00dcber uns - Lidchirurgie Hamburg<\/title>\n<meta name=\"description\" content=\"Dr Green verf\u00fcgt \u00fcber langj\u00e4hrige Erfahrungen und setzt hohe medizinische, technische sowie \u00e4sthetische Standards und auf Patientenn\u00e4he.\" \/>\n<meta name=\"robots\" content=\"index, follow, max-snippet:-1, max-image-preview:large, max-video-preview:-1\" \/>\n<link rel=\"canonical\" href=\"https:\/\/lidchirurgie-hamburg.de\/index.php\/ueber-uns\/\" \/>\n<meta property=\"og:locale\" content=\"de_DE\" \/>\n<meta property=\"og:type\" content=\"article\" \/>\n<meta property=\"og:title\" content=\"\u00dcber uns - Lidchirurgie Hamburg\" \/>\n<meta property=\"og:description\" content=\"Dr Green verf\u00fcgt \u00fcber langj\u00e4hrige Erfahrungen und setzt hohe medizinische, technische sowie \u00e4sthetische Standards und auf Patientenn\u00e4he.\" \/>\n<meta property=\"og:url\" content=\"https:\/\/lidchirurgie-hamburg.de\/index.php\/ueber-uns\/\" \/>\n<meta property=\"og:site_name\" content=\"Lidchirurgie Hamburg\" \/>\n<meta property=\"article:modified_time\" content=\"2024-12-05T11:08:59+00:00\" \/>\n<meta name=\"twitter:card\" content=\"summary_large_image\" \/>\n<meta name=\"twitter:label1\" content=\"Gesch\u00e4tzte Lesezeit\" \/>\n\t<meta name=\"twitter:data1\" content=\"2\u00a0Minuten\" \/>\n<script type=\"application\/ld+json\" class=\"yoast-schema-graph\">{\"@context\":\"https:\\\/\\\/schema.org\",\"@graph\":[{\"@type\":\"WebPage\",\"@id\":\"https:\\\/\\\/lidchirurgie-hamburg.de\\\/index.php\\\/ueber-uns\\\/\",\"url\":\"https:\\\/\\\/lidchirurgie-hamburg.de\\\/index.php\\\/ueber-uns\\\/\",\"name\":\"\u00dcber uns - Lidchirurgie Hamburg\",\"isPartOf\":{\"@id\":\"https:\\\/\\\/lidchirurgie-hamburg.de\\\/#website\"},\"datePublished\":\"2024-04-08T09:08:56+00:00\",\"dateModified\":\"2024-12-05T11:08:59+00:00\",\"description\":\"Dr Green verf\u00fcgt \u00fcber langj\u00e4hrige Erfahrungen und setzt hohe medizinische, technische sowie \u00e4sthetische Standards und auf Patientenn\u00e4he.\",\"breadcrumb\":{\"@id\":\"https:\\\/\\\/lidchirurgie-hamburg.de\\\/index.php\\\/ueber-uns\\\/#breadcrumb\"},\"inLanguage\":\"de\",\"potentialAction\":[{\"@type\":\"ReadAction\",\"target\":[\"https:\\\/\\\/lidchirurgie-hamburg.de\\\/index.php\\\/ueber-uns\\\/\"]}]},{\"@type\":\"BreadcrumbList\",\"@id\":\"https:\\\/\\\/lidchirurgie-hamburg.de\\\/index.php\\\/ueber-uns\\\/#breadcrumb\",\"itemListElement\":[{\"@type\":\"ListItem\",\"position\":1,\"name\":\"Startseite\",\"item\":\"https:\\\/\\\/lidchirurgie-hamburg.de\\\/\"},{\"@type\":\"ListItem\",\"position\":2,\"name\":\"\u00dcber uns\"}]},{\"@type\":\"WebSite\",\"@id\":\"https:\\\/\\\/lidchirurgie-hamburg.de\\\/#website\",\"url\":\"https:\\\/\\\/lidchirurgie-hamburg.de\\\/\",\"name\":\"Lidchirurgie Hamburg\",\"description\":\"Hier werde ich gesehen.\",\"potentialAction\":[{\"@type\":\"SearchAction\",\"target\":{\"@type\":\"EntryPoint\",\"urlTemplate\":\"https:\\\/\\\/lidchirurgie-hamburg.de\\\/?s={search_term_string}\"},\"query-input\":{\"@type\":\"PropertyValueSpecification\",\"valueRequired\":true,\"valueName\":\"search_term_string\"}}],\"inLanguage\":\"de\"}]}<\/script>\n<!-- \/ Yoast SEO plugin. -->","yoast_head_json":{"title":"\u00dcber uns - Lidchirurgie Hamburg","description":"Dr Green verf\u00fcgt \u00fcber langj\u00e4hrige Erfahrungen und setzt hohe medizinische, technische sowie \u00e4sthetische Standards und auf Patientenn\u00e4he.","robots":{"index":"index","follow":"follow","max-snippet":"max-snippet:-1","max-image-preview":"max-image-preview:large","max-video-preview":"max-video-preview:-1"},"canonical":"https:\/\/lidchirurgie-hamburg.de\/index.php\/ueber-uns\/","og_locale":"de_DE","og_type":"article","og_title":"\u00dcber uns - Lidchirurgie Hamburg","og_description":"Dr Green verf\u00fcgt \u00fcber langj\u00e4hrige Erfahrungen und setzt hohe medizinische, technische sowie \u00e4sthetische Standards und auf Patientenn\u00e4he.","og_url":"https:\/\/lidchirurgie-hamburg.de\/index.php\/ueber-uns\/","og_site_name":"Lidchirurgie Hamburg","article_modified_time":"2024-12-05T11:08:59+00:00","twitter_card":"summary_large_image","twitter_misc":{"Gesch\u00e4tzte Lesezeit":"2\u00a0Minuten"},"schema":{"@context":"https:\/\/schema.org","@graph":[{"@type":"WebPage","@id":"https:\/\/lidchirurgie-hamburg.de\/index.php\/ueber-uns\/","url":"https:\/\/lidchirurgie-hamburg.de\/index.php\/ueber-uns\/","name":"\u00dcber uns - Lidchirurgie Hamburg","isPartOf":{"@id":"https:\/\/lidchirurgie-hamburg.de\/#website"},"datePublished":"2024-04-08T09:08:56+00:00","dateModified":"2024-12-05T11:08:59+00:00","description":"Dr Green verf\u00fcgt \u00fcber langj\u00e4hrige Erfahrungen und setzt hohe medizinische, technische sowie \u00e4sthetische Standards und auf Patientenn\u00e4he.","breadcrumb":{"@id":"https:\/\/lidchirurgie-hamburg.de\/index.php\/ueber-uns\/#breadcrumb"},"inLanguage":"de","potentialAction":[{"@type":"ReadAction","target":["https:\/\/lidchirurgie-hamburg.de\/index.php\/ueber-uns\/"]}]},{"@type":"BreadcrumbList","@id":"https:\/\/lidchirurgie-hamburg.de\/index.php\/ueber-uns\/#breadcrumb","itemListElement":[{"@type":"ListItem","position":1,"name":"Startseite","item":"https:\/\/lidchirurgie-hamburg.de\/"},{"@type":"ListItem","position":2,"name":"\u00dcber uns"}]},{"@type":"WebSite","@id":"https:\/\/lidchirurgie-hamburg.de\/#website","url":"https:\/\/lidchirurgie-hamburg.de\/","name":"Lidchirurgie Hamburg","description":"Hier werde ich gesehen.","potentialAction":[{"@type":"SearchAction","target":{"@type":"EntryPoint","urlTemplate":"https:\/\/lidchirurgie-hamburg.de\/?s={search_term_string}"},"query-input":{"@type":"PropertyValueSpecification","valueRequired":true,"valueName":"search_term_string"}}],"inLanguage":"de"}]}},"_links":{"self":[{"href":"https:\/\/lidchirurgie-hamburg.de\/index.php\/wp-json\/wp\/v2\/pages\/38","targetHints":{"allow":["GET"]}}],"collection":[{"href":"https:\/\/lidchirurgie-hamburg.de\/index.php\/wp-json\/wp\/v2\/pages"}],"about":[{"href":"https:\/\/lidchirurgie-hamburg.de\/index.php\/wp-json\/wp\/v2\/types\/page"}],"author":[{"embeddable":true,"href":"https:\/\/lidchirurgie-hamburg.de\/index.php\/wp-json\/wp\/v2\/users\/1"}],"replies":[{"embeddable":true,"href":"https:\/\/lidchirurgie-hamburg.de\/index.php\/wp-json\/wp\/v2\/comments?post=38"}],"version-history":[{"count":64,"href":"https:\/\/lidchirurgie-hamburg.de\/index.php\/wp-json\/wp\/v2\/pages\/38\/revisions"}],"predecessor-version":[{"id":1263,"href":"https:\/\/lidchirurgie-hamburg.de\/index.php\/wp-json\/wp\/v2\/pages\/38\/revisions\/1263"}],"wp:attachment":[{"href":"https:\/\/lidchirurgie-hamburg.de\/index.php\/wp-json\/wp\/v2\/media?parent=38"}],"curies":[{"name":"wp","href":"https:\/\/api.w.org\/{rel}","templated":true}]}}