{"id":387,"date":"2024-04-11T02:09:20","date_gmt":"2024-04-11T02:09:20","guid":{"rendered":"https:\/\/lidchirurgie.clusterzone.de\/?page_id=387"},"modified":"2025-02-06T11:20:29","modified_gmt":"2025-02-06T11:20:29","slug":"lidtumore","status":"publish","type":"page","link":"https:\/\/lidchirurgie-hamburg.de\/index.php\/leistungen\/lidtumore\/","title":{"rendered":"Lidtumore"},"content":{"rendered":"<ul>\n<li>\n<p>\n        <a href=\"#\">Sprechzeiten<\/a>\n    <\/p>\n<\/li>\n<li>\n<p>\n        <a href=\"tel:+494042937744\">T. 040 429 388 69<\/a>\n    <\/p>\n<\/li>\n<li>\n<p>\n        <a href=\"mailto:hoheluft@augen-hamburg.de\">E-Mail-Kontakt<\/a>\n    <\/p>\n<\/li>\n<li>\n<p>\n        <a href=\"\/index.php\/kontakt\/\">Kontakt<\/a>\n    <\/p>\n<\/li>\n<\/ul>\n<h1>\n<p>Lidtumore<\/p>\n<\/h1>\n<h1>\n<p class=\"uk-h3\" data-id=\"page#1-0-0-1\">Gut, wenn Ihre Augenlider in besten H\u00e4nden sind.<\/p>\n<\/h1>\n<div>\n<p><strong>Lidtumore<\/strong> unterscheiden sich in <strong>gut- und b\u00f6sartige Tumore.<\/strong> Grunds\u00e4tzlich wird jede Ver\u00e4nderung am Augenlid als Lidtumor bezeichnet. Also auch gutartige Ver\u00e4nderungen wie Warzen und Hautanhangsgebilde, Gerstenk\u00f6rner oder Fetteinlagerungen. In solchen F\u00e4llen ist eine Lidtumor-Operation nicht zwingend erforderlich. Eine Entfernung kann aber sinnvoll sein, wenn sie als st\u00f6rend empfunden werden.<\/p>\n<\/div>\n<p><a href=\"https:\/\/lidchirurgie-hamburg.de\/index.php\/leistungen\/lidtumore\/lidtumore\/\"><img decoding=\"async\" src=\"\/wp-content\/uploads\/2024\/04\/boesartige-lidtumore.png\" alt=\"\"><\/a><\/p>\n<h1>Lidtumore<\/h1>\n<h1><span>Gut- &amp; b\u00f6sartige Lidtumore<\/span><\/h1>\n<div>\n<p><span>Besteht der Verdacht einer <\/span><strong>b\u00f6sartigen Ver\u00e4nderung<\/strong><span> muss ein Tumor entfernt und das Gewebe mikroskopisch untersucht werden.<\/span><\/p>\n<\/div>\n<p><a href=\"\/index.php\/leistungen\/lidtumore\/entzuendl-tumorehagel-gerstenkorn\/\"><img decoding=\"async\" src=\"\/wp-content\/uploads\/2024\/04\/gestenkorn_lidtumore.jpg\" alt=\"\"><\/a><\/p>\n<h1>Lidtumore<\/h1>\n<h1><span>Hagel- &amp; Gerstenkorn<\/span><\/h1>\n<div>\n<p><span>Sowohl <\/span><strong>Hagelk\u00f6rner (Chalazien)<\/strong><span> als auch <\/span><strong>Gerstenk\u00f6rner (Hordeola)<\/strong><span> sind pl\u00f6tzlich auftretende, lokalisierte Schwellungen der Augenlider.<\/span><\/p>\n<\/div>\n<p><a href=\"\/index.php\/leistungen\/lidtumore\/fettablagerungenxanthelasmen\/\"><img decoding=\"async\" src=\"\/wp-content\/uploads\/2024\/04\/lidtumore_fettablagerungen.jpg\" alt=\"\"><\/a><\/p>\n<h1>Lidtumore<\/h1>\n<h1><span>Fettablagerungen (Xanthelasmen)<\/span><\/h1>\n<div>\n<p><span>Fettablagerungen, auch <\/span><strong>Xanthelasmen, <\/strong><span>sind gelbliche, gutartige Lipidablagerungen und k\u00f6nnen im Ober- und Unterlid vorkommen.<\/span><\/p>\n<\/div>\n<p><!--more--><br \/>\n<!-- {\"type\":\"layout\",\"children\":[{\"type\":\"section\",\"props\":{\"image_position\":\"center-center\",\"padding\":\"large\",\"padding_remove_top\":true,\"style\":\"default\",\"title_breakpoint\":\"xl\",\"title_position\":\"top-left\",\"title_rotation\":\"left\",\"vertical_align\":\"\",\"width\":\"\"},\"children\":[{\"type\":\"row\",\"children\":[{\"type\":\"column\",\"props\":{\"image_position\":\"center-center\",\"position_sticky_breakpoint\":\"m\"},\"children\":[{\"type\":\"button\",\"props\":{\"grid_column_gap\":\"small\",\"grid_row_gap\":\"small\",\"margin\":\"default\",\"text_align\":\"center\",\"visibility\":\"hidden-l\"},\"children\":[{\"type\":\"button_item\",\"props\":{\"button_style\":\"default\",\"content\":\"Sprechzeiten\",\"dialog_layout\":\"modal\",\"dialog_offcanvas_flip\":true,\"icon_align\":\"left\",\"link\":\"#\"}},{\"type\":\"button_item\",\"props\":{\"button_style\":\"primary\",\"content\":\"T. 040 429 388 69\",\"dialog_layout\":\"modal\",\"dialog_offcanvas_flip\":true,\"icon_align\":\"left\",\"link\":\"tel:+494042937744\"}},{\"type\":\"button_item\",\"props\":{\"button_style\":\"default\",\"content\":\"E-Mail-Kontakt\",\"dialog_layout\":\"modal\",\"dialog_offcanvas_flip\":true,\"icon_align\":\"left\",\"link\":\"mailto:hoheluft@augen-hamburg.de\"}},{\"type\":\"button_item\",\"props\":{\"button_style\":\"default\",\"content\":\"Kontakt\",\"dialog_layout\":\"modal\",\"dialog_offcanvas_flip\":true,\"icon_align\":\"left\",\"link\":\"index.php\\\/kontakt\\\/\"}}],\"name\":\"Shortbuttons\",\"modified\":\"2021-12-10T14:55:45.571Z\"}]}]}],\"name\":\"Shortbuttons\"},{\"name\":\"Banner\",\"type\":\"section\",\"props\":{\"animation\":\"slide-left-small\",\"animation_delay\":\"200\",\"image_position\":\"top-center\",\"padding\":\"xlarge\",\"padding_remove_bottom\":true,\"style\":\"default\",\"title_breakpoint\":\"xl\",\"title_position\":\"top-left\",\"title_rotation\":\"left\",\"vertical_align\":\"\",\"width\":\"large\"},\"children\":[{\"type\":\"row\",\"props\":{\"layout\":\"1-2,1-2\",\"margin\":\"large\",\"width\":\"xlarge\"},\"children\":[{\"type\":\"column\",\"props\":{\"image_position\":\"center-center\",\"position_sticky_breakpoint\":\"m\",\"width_medium\":\"1-2\"},\"children\":[{\"type\":\"headline\",\"props\":{\"content\":\"\n\n<p>Lidtumore<\\\/p>\",\"title_element\":\"h1\",\"title_style\":\"h6\"}},{\"type\":\"headline\",\"props\":{\"content\":\"\n\n<p class=\\\"uk-h3\\\" data-id=\\\"page#1-0-0-1\\\">Gut, wenn Ihre Augenlider in besten H\\u00e4nden sind.<\\\/p>\",\"title_element\":\"h1\",\"title_style\":\"h3\"}},{\"type\":\"text\",\"props\":{\"column_breakpoint\":\"m\",\"content\":\"\n\n<p><strong>Lidtumore<\\\/strong> unterscheiden sich in <strong>gut- und b\\u00f6sartige Tumore.<\\\/strong> Grunds\\u00e4tzlich wird jede Ver\\u00e4nderung am Augenlid als Lidtumor bezeichnet. Also auch gutartige Ver\\u00e4nderungen wie Warzen und Hautanhangsgebilde, Gerstenk\\u00f6rner oder Fetteinlagerungen. In solchen F\\u00e4llen ist eine Lidtumor-Operation nicht zwingend erforderlich. Eine Entfernung kann aber sinnvoll sein, wenn sie als st\\u00f6rend empfunden werden.<\\\/p>\",\"margin\":\"default\"}}]},{\"type\":\"column\",\"props\":{\"image_position\":\"center-center\",\"position_sticky_breakpoint\":\"m\",\"width_medium\":\"1-2\"}}]}]},{\"type\":\"section\",\"props\":{\"image_position\":\"center-center\",\"style\":\"default\",\"title_breakpoint\":\"xl\",\"title_position\":\"top-left\",\"title_rotation\":\"left\",\"vertical_align\":\"\",\"width\":\"expand\"},\"children\":[{\"type\":\"row\",\"props\":{\"layout\":\"1-3,1-3,1-3\"},\"children\":[{\"type\":\"column\",\"props\":{\"image_position\":\"center-center\",\"position_sticky_breakpoint\":\"m\",\"width_medium\":\"1-3\"},\"children\":[{\"type\":\"image\",\"props\":{\"image\":\"wp-content\\\/uploads\\\/2024\\\/04\\\/boesartige-lidtumore.png\",\"image_svg_color\":\"emphasis\",\"link\":\"https:\\\/\\\/lidchirurgie-hamburg.de\\\/index.php\\\/leistungen\\\/lidtumore\\\/lidtumore\\\/\",\"margin\":\"default\"}},{\"type\":\"headline\",\"props\":{\"content\":\"Lidtumore\",\"margin\":\"remove-vertical\",\"margin_remove_top\":false,\"title_element\":\"h1\",\"title_style\":\"h6\"}},{\"type\":\"headline\",\"props\":{\"content\":\"<span>Gut- &amp; b\\u00f6sartige Lidtumore<\\\/span>\",\"margin\":\"small\",\"margin_remove_top\":false,\"title_element\":\"h1\",\"title_style\":\"h5\"}},{\"type\":\"text\",\"props\":{\"column_breakpoint\":\"m\",\"content\":\"\n\n<p><span>Besteht der Verdacht einer <\\\/span><strong>b\\u00f6sartigen Ver\\u00e4nderung<\\\/strong><span> muss ein Tumor entfernt und das Gewebe mikroskopisch untersucht werden.<\\\/span><\\\/p>\",\"css\":\".el-column {\\n\\tmin-height: 170px;\\n}\",\"margin\":\"default\"}}]},{\"type\":\"column\",\"props\":{\"image_position\":\"center-center\",\"position_sticky_breakpoint\":\"m\",\"width_medium\":\"1-3\"},\"children\":[{\"type\":\"image\",\"props\":{\"image\":\"wp-content\\\/uploads\\\/2024\\\/04\\\/gestenkorn_lidtumore.jpg\",\"image_svg_color\":\"emphasis\",\"link\":\"index.php\\\/leistungen\\\/lidtumore\\\/entzuendl-tumorehagel-gerstenkorn\\\/\",\"margin\":\"default\"}},{\"type\":\"headline\",\"props\":{\"content\":\"Lidtumore\",\"margin\":\"remove-vertical\",\"margin_remove_top\":false,\"title_element\":\"h1\",\"title_style\":\"h6\"}},{\"type\":\"headline\",\"props\":{\"content\":\"<span>Hagel- &amp; Gerstenkorn<\\\/span>\",\"margin\":\"small\",\"margin_remove_top\":false,\"title_element\":\"h1\",\"title_style\":\"h5\"}},{\"type\":\"text\",\"props\":{\"column_breakpoint\":\"m\",\"content\":\"\n\n<p><span>Sowohl <\\\/span><strong>Hagelk\\u00f6rner (Chalazien)<\\\/strong><span> als auch <\\\/span><strong>Gerstenk\\u00f6rner (Hordeola)<\\\/strong><span> sind pl\\u00f6tzlich auftretende, lokalisierte Schwellungen der Augenlider.<\\\/span><\\\/p>\",\"css\":\".el-column {\\n\\tmin-height: 170px;\\n}\",\"margin\":\"default\"}}]},{\"type\":\"column\",\"props\":{\"image_position\":\"center-center\",\"position_sticky_breakpoint\":\"m\",\"width_medium\":\"1-3\"},\"children\":[{\"type\":\"image\",\"props\":{\"image\":\"wp-content\\\/uploads\\\/2024\\\/04\\\/lidtumore_fettablagerungen.jpg\",\"image_svg_color\":\"emphasis\",\"link\":\"index.php\\\/leistungen\\\/lidtumore\\\/fettablagerungenxanthelasmen\\\/\",\"margin\":\"default\"}},{\"type\":\"headline\",\"props\":{\"content\":\"Lidtumore\",\"margin\":\"remove-vertical\",\"margin_remove_top\":false,\"title_element\":\"h1\",\"title_style\":\"h6\"}},{\"type\":\"headline\",\"props\":{\"content\":\"<span>Fettablagerungen (Xanthelasmen)<\\\/span>\",\"margin\":\"small\",\"margin_remove_top\":false,\"title_element\":\"h1\",\"title_style\":\"h5\"}},{\"type\":\"text\",\"props\":{\"column_breakpoint\":\"m\",\"content\":\"\n\n<p><span>Fettablagerungen, auch <\\\/span><strong>Xanthelasmen, <\\\/strong><span>sind gelbliche, gutartige Lipidablagerungen und k\\u00f6nnen im Ober- und Unterlid vorkommen.<\\\/span><\\\/p>\",\"css\":\".el-column {\\n\\tmin-height: 170px;\\n}\",\"margin\":\"default\"}}]}]}],\"name\":\"Galerie\"}],\"version\":\"4.5.4\"} --><\/p>\n","protected":false},"excerpt":{"rendered":"<p>Sprechzeiten T. 040 429 388 69 E-Mail-Kontakt Kontakt Lidtumore Gut, wenn Ihre Augenlider in besten H\u00e4nden sind. Lidtumore unterscheiden sich in gut- und b\u00f6sartige Tumore. Grunds\u00e4tzlich wird jede Ver\u00e4nderung am Augenlid als Lidtumor bezeichnet. Also auch gutartige Ver\u00e4nderungen wie Warzen und Hautanhangsgebilde, Gerstenk\u00f6rner oder Fetteinlagerungen. In solchen F\u00e4llen ist eine Lidtumor-Operation nicht zwingend erforderlich. Eine [&hellip;]<\/p>\n","protected":false},"author":1,"featured_media":0,"parent":48,"menu_order":0,"comment_status":"closed","ping_status":"closed","template":"","meta":{"footnotes":""},"class_list":["post-387","page","type-page","status-publish","hentry"],"yoast_head":"<!-- This site is optimized with the Yoast SEO plugin v27.5 - https:\/\/yoast.com\/product\/yoast-seo-wordpress\/ -->\n<title>Lidtumore - Lidchirurgie Hamburg<\/title>\n<meta name=\"description\" content=\"Lidtumore unterscheiden sich in gut- und b\u00f6sartige Tumore. Grunds\u00e4tzlich wird jede Ver\u00e4nderung am Augenlid als Lidtumor bezeichnet.\" \/>\n<meta name=\"robots\" content=\"index, follow, max-snippet:-1, max-image-preview:large, max-video-preview:-1\" \/>\n<link rel=\"canonical\" href=\"https:\/\/lidchirurgie-hamburg.de\/index.php\/leistungen\/lidtumore\/\" \/>\n<meta property=\"og:locale\" content=\"de_DE\" \/>\n<meta property=\"og:type\" content=\"article\" \/>\n<meta property=\"og:title\" content=\"Lidtumore - Lidchirurgie Hamburg\" \/>\n<meta property=\"og:description\" content=\"Lidtumore unterscheiden sich in gut- und b\u00f6sartige Tumore. Grunds\u00e4tzlich wird jede Ver\u00e4nderung am Augenlid als Lidtumor bezeichnet.\" \/>\n<meta property=\"og:url\" content=\"https:\/\/lidchirurgie-hamburg.de\/index.php\/leistungen\/lidtumore\/\" \/>\n<meta property=\"og:site_name\" content=\"Lidchirurgie Hamburg\" \/>\n<meta property=\"article:modified_time\" content=\"2025-02-06T11:20:29+00:00\" \/>\n<meta name=\"twitter:card\" content=\"summary_large_image\" \/>\n<meta name=\"twitter:label1\" content=\"Gesch\u00e4tzte Lesezeit\" \/>\n\t<meta name=\"twitter:data1\" content=\"2\u00a0Minuten\" \/>\n<script type=\"application\/ld+json\" class=\"yoast-schema-graph\">{\"@context\":\"https:\\\/\\\/schema.org\",\"@graph\":[{\"@type\":\"WebPage\",\"@id\":\"https:\\\/\\\/lidchirurgie-hamburg.de\\\/index.php\\\/leistungen\\\/lidtumore\\\/\",\"url\":\"https:\\\/\\\/lidchirurgie-hamburg.de\\\/index.php\\\/leistungen\\\/lidtumore\\\/\",\"name\":\"Lidtumore - Lidchirurgie Hamburg\",\"isPartOf\":{\"@id\":\"https:\\\/\\\/lidchirurgie-hamburg.de\\\/#website\"},\"datePublished\":\"2024-04-11T02:09:20+00:00\",\"dateModified\":\"2025-02-06T11:20:29+00:00\",\"description\":\"Lidtumore unterscheiden sich in gut- und b\u00f6sartige Tumore. Grunds\u00e4tzlich wird jede Ver\u00e4nderung am Augenlid als Lidtumor bezeichnet.\",\"breadcrumb\":{\"@id\":\"https:\\\/\\\/lidchirurgie-hamburg.de\\\/index.php\\\/leistungen\\\/lidtumore\\\/#breadcrumb\"},\"inLanguage\":\"de\",\"potentialAction\":[{\"@type\":\"ReadAction\",\"target\":[\"https:\\\/\\\/lidchirurgie-hamburg.de\\\/index.php\\\/leistungen\\\/lidtumore\\\/\"]}]},{\"@type\":\"BreadcrumbList\",\"@id\":\"https:\\\/\\\/lidchirurgie-hamburg.de\\\/index.php\\\/leistungen\\\/lidtumore\\\/#breadcrumb\",\"itemListElement\":[{\"@type\":\"ListItem\",\"position\":1,\"name\":\"Startseite\",\"item\":\"https:\\\/\\\/lidchirurgie-hamburg.de\\\/\"},{\"@type\":\"ListItem\",\"position\":2,\"name\":\"Leistungen\",\"item\":\"https:\\\/\\\/lidchirurgie-hamburg.de\\\/index.php\\\/leistungen\\\/\"},{\"@type\":\"ListItem\",\"position\":3,\"name\":\"Lidtumore\"}]},{\"@type\":\"WebSite\",\"@id\":\"https:\\\/\\\/lidchirurgie-hamburg.de\\\/#website\",\"url\":\"https:\\\/\\\/lidchirurgie-hamburg.de\\\/\",\"name\":\"Lidchirurgie Hamburg\",\"description\":\"Hier werde ich gesehen.\",\"potentialAction\":[{\"@type\":\"SearchAction\",\"target\":{\"@type\":\"EntryPoint\",\"urlTemplate\":\"https:\\\/\\\/lidchirurgie-hamburg.de\\\/?s={search_term_string}\"},\"query-input\":{\"@type\":\"PropertyValueSpecification\",\"valueRequired\":true,\"valueName\":\"search_term_string\"}}],\"inLanguage\":\"de\"}]}<\/script>\n<!-- \/ Yoast SEO plugin. -->","yoast_head_json":{"title":"Lidtumore - Lidchirurgie Hamburg","description":"Lidtumore unterscheiden sich in gut- und b\u00f6sartige Tumore. Grunds\u00e4tzlich wird jede Ver\u00e4nderung am Augenlid als Lidtumor bezeichnet.","robots":{"index":"index","follow":"follow","max-snippet":"max-snippet:-1","max-image-preview":"max-image-preview:large","max-video-preview":"max-video-preview:-1"},"canonical":"https:\/\/lidchirurgie-hamburg.de\/index.php\/leistungen\/lidtumore\/","og_locale":"de_DE","og_type":"article","og_title":"Lidtumore - Lidchirurgie Hamburg","og_description":"Lidtumore unterscheiden sich in gut- und b\u00f6sartige Tumore. Grunds\u00e4tzlich wird jede Ver\u00e4nderung am Augenlid als Lidtumor bezeichnet.","og_url":"https:\/\/lidchirurgie-hamburg.de\/index.php\/leistungen\/lidtumore\/","og_site_name":"Lidchirurgie Hamburg","article_modified_time":"2025-02-06T11:20:29+00:00","twitter_card":"summary_large_image","twitter_misc":{"Gesch\u00e4tzte Lesezeit":"2\u00a0Minuten"},"schema":{"@context":"https:\/\/schema.org","@graph":[{"@type":"WebPage","@id":"https:\/\/lidchirurgie-hamburg.de\/index.php\/leistungen\/lidtumore\/","url":"https:\/\/lidchirurgie-hamburg.de\/index.php\/leistungen\/lidtumore\/","name":"Lidtumore - Lidchirurgie Hamburg","isPartOf":{"@id":"https:\/\/lidchirurgie-hamburg.de\/#website"},"datePublished":"2024-04-11T02:09:20+00:00","dateModified":"2025-02-06T11:20:29+00:00","description":"Lidtumore unterscheiden sich in gut- und b\u00f6sartige Tumore. Grunds\u00e4tzlich wird jede Ver\u00e4nderung am Augenlid als Lidtumor bezeichnet.","breadcrumb":{"@id":"https:\/\/lidchirurgie-hamburg.de\/index.php\/leistungen\/lidtumore\/#breadcrumb"},"inLanguage":"de","potentialAction":[{"@type":"ReadAction","target":["https:\/\/lidchirurgie-hamburg.de\/index.php\/leistungen\/lidtumore\/"]}]},{"@type":"BreadcrumbList","@id":"https:\/\/lidchirurgie-hamburg.de\/index.php\/leistungen\/lidtumore\/#breadcrumb","itemListElement":[{"@type":"ListItem","position":1,"name":"Startseite","item":"https:\/\/lidchirurgie-hamburg.de\/"},{"@type":"ListItem","position":2,"name":"Leistungen","item":"https:\/\/lidchirurgie-hamburg.de\/index.php\/leistungen\/"},{"@type":"ListItem","position":3,"name":"Lidtumore"}]},{"@type":"WebSite","@id":"https:\/\/lidchirurgie-hamburg.de\/#website","url":"https:\/\/lidchirurgie-hamburg.de\/","name":"Lidchirurgie Hamburg","description":"Hier werde ich gesehen.","potentialAction":[{"@type":"SearchAction","target":{"@type":"EntryPoint","urlTemplate":"https:\/\/lidchirurgie-hamburg.de\/?s={search_term_string}"},"query-input":{"@type":"PropertyValueSpecification","valueRequired":true,"valueName":"search_term_string"}}],"inLanguage":"de"}]}},"_links":{"self":[{"href":"https:\/\/lidchirurgie-hamburg.de\/index.php\/wp-json\/wp\/v2\/pages\/387","targetHints":{"allow":["GET"]}}],"collection":[{"href":"https:\/\/lidchirurgie-hamburg.de\/index.php\/wp-json\/wp\/v2\/pages"}],"about":[{"href":"https:\/\/lidchirurgie-hamburg.de\/index.php\/wp-json\/wp\/v2\/types\/page"}],"author":[{"embeddable":true,"href":"https:\/\/lidchirurgie-hamburg.de\/index.php\/wp-json\/wp\/v2\/users\/1"}],"replies":[{"embeddable":true,"href":"https:\/\/lidchirurgie-hamburg.de\/index.php\/wp-json\/wp\/v2\/comments?post=387"}],"version-history":[{"count":32,"href":"https:\/\/lidchirurgie-hamburg.de\/index.php\/wp-json\/wp\/v2\/pages\/387\/revisions"}],"predecessor-version":[{"id":1267,"href":"https:\/\/lidchirurgie-hamburg.de\/index.php\/wp-json\/wp\/v2\/pages\/387\/revisions\/1267"}],"up":[{"embeddable":true,"href":"https:\/\/lidchirurgie-hamburg.de\/index.php\/wp-json\/wp\/v2\/pages\/48"}],"wp:attachment":[{"href":"https:\/\/lidchirurgie-hamburg.de\/index.php\/wp-json\/wp\/v2\/media?parent=387"}],"curies":[{"name":"wp","href":"https:\/\/api.w.org\/{rel}","templated":true}]}}