{"id":389,"date":"2024-04-11T02:09:37","date_gmt":"2024-04-11T02:09:37","guid":{"rendered":"https:\/\/lidchirurgie.clusterzone.de\/?page_id=389"},"modified":"2024-05-15T14:40:27","modified_gmt":"2024-05-15T14:40:27","slug":"lidfehlstellungen","status":"publish","type":"page","link":"https:\/\/lidchirurgie-hamburg.de\/index.php\/leistungen\/lidfehlstellungen\/","title":{"rendered":"Lidfehlstellungen"},"content":{"rendered":"<ul>\n<li>\n        <a href=\"tel:+494042933869\">T. 040 429 338 69<\/a>\n    <\/li>\n<li>\n        <a href=\"mailto:info@lidchirurgie-hamburg.de\">E-Mail-Kontakt<\/a>\n    <\/li>\n<li>\n        <a href=\"\/index.php\/kontakt\/\">Kontakt<\/a>\n    <\/li>\n<\/ul>\n<h1>\n<p>Lidfehlstellungen<\/p>\n<\/h1>\n<h1>\n<p class=\"uk-h3\" data-id=\"page#1-0-0-1\">Wir verstehen unser Handwerk. Und Sie.<\/p>\n<\/h1>\n<div>\n<p><strong><span>Lidoperationen <\/span><\/strong>dienen der Korrektur von Fehlstellungen infolge von Verletzungen, entz\u00fcndlichen Ver\u00e4nderungen oder Alter. Wenn notwendig und sinnvoll k\u00f6nnen die Operationen mit Hilfe modernster CO2-Laser-Technik ambulant durchgef\u00fchrt werden.<\/p>\n<\/div>\n<p><a href=\"\/index.php\/leistungen\/lidfehlstellungen\/schlupflider\/\"><img decoding=\"async\" src=\"\/wp-content\/uploads\/2024\/04\/lidfehlstellung_schlupflid.jpg\" alt=\"\"><\/a><\/p>\n<h1>Lidfehlstellungen<\/h1>\n<h1><span>Schlupflider<\/span><\/h1>\n<div>\n<p><span>Eine operative Straffung der Augenlider wird als <\/span><strong>Blepharoplastik<\/strong><span> bezeichnet. Sie kann am Ober- und Unterlid durchgef\u00fchrt werden. <\/span><\/p>\n<\/div>\n<p><a href=\"\/index.php\/leistungen\/lidfehlstellungen\/ptosis-haengelid\/\"><img decoding=\"async\" src=\"\/wp-content\/uploads\/2024\/04\/ptosis.jpg\" alt=\"\"><\/a><\/p>\n<h1>Lidfehlstellungen<\/h1>\n<h1><span>H\u00e4ngelid (Ptosis)<\/span><\/h1>\n<div>\n<p><span>Bei einem <\/span><strong>H\u00e4ngelid, <\/strong><span>auch<\/span><strong> Ptosis<\/strong><span>, handelt es sich um eine <\/span><strong>Fehlstellung der Oberlider<\/strong><span>. <\/span><\/p>\n<\/div>\n<p><a href=\"\/index.php\/leistungen\/lidfehlstellungen\/entropium-ektropium\/\"><img decoding=\"async\" src=\"\/wp-content\/uploads\/2024\/04\/entropium_lidfehlstellungen.jpg\" alt=\"\"><\/a><\/p>\n<h1>Lidfehlstellungen<\/h1>\n<h1><span>Einw\u00e4rts-\/Ausw\u00e4rtsdrehung<\/span><\/h1>\n<div>\n<p><span>Mit zunehmendem Alter erschlaffen um die Augen die Haut, der Muskel und die Lidaufh\u00e4ngung.<\/span><\/p>\n<\/div>\n<p><!--more--><br \/>\n<!-- {\"type\":\"layout\",\"children\":[{\"type\":\"section\",\"props\":{\"image_position\":\"center-center\",\"padding\":\"large\",\"padding_remove_top\":true,\"style\":\"default\",\"title_breakpoint\":\"xl\",\"title_position\":\"top-left\",\"title_rotation\":\"left\",\"vertical_align\":\"middle\",\"width\":\"\"},\"children\":[{\"type\":\"row\",\"children\":[{\"type\":\"column\",\"props\":{\"image_position\":\"center-center\",\"position_sticky_breakpoint\":\"m\"},\"children\":[{\"type\":\"button\",\"props\":{\"grid_column_gap\":\"small\",\"grid_row_gap\":\"small\",\"margin\":\"default\",\"text_align\":\"center\",\"visibility\":\"hidden-l\"},\"children\":[{\"type\":\"button_item\",\"props\":{\"button_style\":\"primary\",\"content\":\"T. 040 429 338 69\",\"icon_align\":\"left\",\"link\":\"tel:+494042933869\"}},{\"type\":\"button_item\",\"props\":{\"button_style\":\"default\",\"content\":\"E-Mail-Kontakt\",\"icon_align\":\"left\",\"link\":\"mailto:info@lidchirurgie-hamburg.de\"}},{\"type\":\"button_item\",\"props\":{\"button_style\":\"default\",\"content\":\"Kontakt\",\"icon_align\":\"left\",\"link\":\"index.php\\\/kontakt\\\/\"}}],\"name\":\"Shortbuttons\"}]}]}],\"name\":\"Shortbuttons\"},{\"name\":\"Banner\",\"type\":\"section\",\"props\":{\"animation\":\"slide-left-small\",\"animation_delay\":\"200\",\"image_position\":\"top-center\",\"padding\":\"xlarge\",\"padding_remove_bottom\":true,\"style\":\"default\",\"title_breakpoint\":\"xl\",\"title_position\":\"top-left\",\"title_rotation\":\"left\",\"vertical_align\":\"middle\",\"width\":\"large\"},\"children\":[{\"type\":\"row\",\"props\":{\"layout\":\"1-2,1-2\",\"margin\":\"large\",\"width\":\"xlarge\"},\"children\":[{\"type\":\"column\",\"props\":{\"image_position\":\"center-center\",\"position_sticky_breakpoint\":\"m\",\"width_medium\":\"1-2\"},\"children\":[{\"type\":\"headline\",\"props\":{\"content\":\"\n\n<p>Lidfehlstellungen<\\\/p>\",\"title_element\":\"h1\",\"title_style\":\"h6\"}},{\"type\":\"headline\",\"props\":{\"content\":\"\n\n<p class=\\\"uk-h3\\\" data-id=\\\"page#1-0-0-1\\\">Wir verstehen unser Handwerk. Und Sie.<\\\/p>\",\"title_element\":\"h1\",\"title_style\":\"h3\"}},{\"type\":\"text\",\"props\":{\"column_breakpoint\":\"m\",\"content\":\"\n\n<p><strong><span>Lidoperationen <\\\/span><\\\/strong>dienen der Korrektur von Fehlstellungen infolge von Verletzungen, entz\\u00fcndlichen Ver\\u00e4nderungen oder Alter. Wenn notwendig und sinnvoll k\\u00f6nnen die Operationen mit Hilfe modernster CO2-Laser-Technik ambulant durchgef\\u00fchrt werden.<\\\/p>\",\"margin\":\"default\"}}]},{\"type\":\"column\",\"props\":{\"image_position\":\"center-center\",\"position_sticky_breakpoint\":\"m\",\"width_medium\":\"1-2\"}}]}]},{\"type\":\"section\",\"props\":{\"image_position\":\"center-center\",\"style\":\"default\",\"title_breakpoint\":\"xl\",\"title_position\":\"top-left\",\"title_rotation\":\"left\",\"vertical_align\":\"middle\",\"width\":\"expand\"},\"children\":[{\"type\":\"row\",\"props\":{\"layout\":\"1-3,1-3,1-3\"},\"children\":[{\"type\":\"column\",\"props\":{\"image_position\":\"center-center\",\"position_sticky_breakpoint\":\"m\",\"width_medium\":\"1-3\"},\"children\":[{\"type\":\"image\",\"props\":{\"image\":\"wp-content\\\/uploads\\\/2024\\\/04\\\/lidfehlstellung_schlupflid.jpg\",\"image_svg_color\":\"emphasis\",\"link\":\"index.php\\\/leistungen\\\/lidfehlstellungen\\\/schlupflider\\\/\",\"margin\":\"default\"}},{\"type\":\"headline\",\"props\":{\"content\":\"Lidfehlstellungen\",\"margin\":\"remove-vertical\",\"margin_remove_top\":false,\"title_element\":\"h1\",\"title_style\":\"h6\"}},{\"type\":\"headline\",\"props\":{\"content\":\"<span>Schlupflider<\\\/span>\",\"margin\":\"small\",\"margin_remove_top\":false,\"title_element\":\"h1\",\"title_style\":\"h5\"}},{\"type\":\"text\",\"props\":{\"column_breakpoint\":\"m\",\"content\":\"\n\n<p><span>Eine operative Straffung der Augenlider wird als <\\\/span><strong>Blepharoplastik<\\\/strong><span> bezeichnet. Sie kann am Ober- und Unterlid durchgef\\u00fchrt werden. <\\\/span><\\\/p>\",\"css\":\".el-column {\\n\\tmin-height: 170px;\\n}\",\"margin\":\"default\"}}]},{\"type\":\"column\",\"props\":{\"image_position\":\"center-center\",\"position_sticky_breakpoint\":\"m\",\"width_medium\":\"1-3\"},\"children\":[{\"type\":\"image\",\"props\":{\"image\":\"wp-content\\\/uploads\\\/2024\\\/04\\\/ptosis.jpg\",\"image_svg_color\":\"emphasis\",\"link\":\"index.php\\\/leistungen\\\/lidfehlstellungen\\\/ptosis-haengelid\\\/\",\"margin\":\"default\"}},{\"type\":\"headline\",\"props\":{\"content\":\"Lidfehlstellungen\",\"margin\":\"remove-vertical\",\"margin_remove_top\":false,\"title_element\":\"h1\",\"title_style\":\"h6\"}},{\"type\":\"headline\",\"props\":{\"content\":\"<span>H\\u00e4ngelid (Ptosis)<\\\/span>\",\"margin\":\"small\",\"margin_remove_top\":false,\"title_element\":\"h1\",\"title_style\":\"h5\"}},{\"type\":\"text\",\"props\":{\"column_breakpoint\":\"m\",\"content\":\"\n\n<p><span>Bei einem <\\\/span><strong>H\\u00e4ngelid, <\\\/strong><span>auch<\\\/span><strong> Ptosis<\\\/strong><span>, handelt es sich um eine <\\\/span><strong>Fehlstellung der Oberlider<\\\/strong><span>. <\\\/span><\\\/p>\",\"css\":\".el-column {\\n\\tmin-height: 170px;\\n}\",\"margin\":\"default\"}}]},{\"type\":\"column\",\"props\":{\"image_position\":\"center-center\",\"position_sticky_breakpoint\":\"m\",\"width_medium\":\"1-3\"},\"children\":[{\"type\":\"image\",\"props\":{\"image\":\"wp-content\\\/uploads\\\/2024\\\/04\\\/entropium_lidfehlstellungen.jpg\",\"image_svg_color\":\"emphasis\",\"link\":\"index.php\\\/leistungen\\\/lidfehlstellungen\\\/entropium-ektropium\\\/\",\"margin\":\"default\"}},{\"type\":\"headline\",\"props\":{\"content\":\"Lidfehlstellungen\",\"margin\":\"remove-vertical\",\"margin_remove_top\":false,\"title_element\":\"h1\",\"title_style\":\"h6\"}},{\"type\":\"headline\",\"props\":{\"content\":\"<span>Einw\\u00e4rts-\\\/Ausw\\u00e4rtsdrehung<\\\/span>\",\"margin\":\"small\",\"margin_remove_top\":false,\"title_element\":\"h1\",\"title_style\":\"h5\"}},{\"type\":\"text\",\"props\":{\"column_breakpoint\":\"m\",\"content\":\"\n\n<p><span>Mit zunehmendem Alter erschlaffen um die Augen die Haut, der Muskel und die Lidaufh\\u00e4ngung.<\\\/span><\\\/p>\",\"css\":\".el-column {\\n\\tmin-height: 170px;\\n}\",\"margin\":\"default\"}}]}]}],\"name\":\"Galerie\"}],\"version\":\"4.3.13\"} --><\/p>\n","protected":false},"excerpt":{"rendered":"<p>T. 040 429 338 69 E-Mail-Kontakt Kontakt Lidfehlstellungen Wir verstehen unser Handwerk. Und Sie. Lidoperationen dienen der Korrektur von Fehlstellungen infolge von Verletzungen, entz\u00fcndlichen Ver\u00e4nderungen oder Alter. Wenn notwendig und sinnvoll k\u00f6nnen die Operationen mit Hilfe modernster CO2-Laser-Technik ambulant durchgef\u00fchrt werden. Lidfehlstellungen Schlupflider Eine operative Straffung der Augenlider wird als Blepharoplastik bezeichnet. Sie kann am [&hellip;]<\/p>\n","protected":false},"author":1,"featured_media":0,"parent":48,"menu_order":1,"comment_status":"closed","ping_status":"closed","template":"","meta":{"footnotes":""},"class_list":["post-389","page","type-page","status-publish","hentry"],"yoast_head":"<!-- This site is optimized with the Yoast SEO plugin v27.5 - https:\/\/yoast.com\/product\/yoast-seo-wordpress\/ -->\n<title>Lidfehlstellungen - Lidchirurgie Hamburg<\/title>\n<meta name=\"description\" content=\"Lidoperationen dienen der Korrektur von Fehlstellungen infolge von Verletzungen, entz\u00fcndlichen Ver\u00e4nderungen oder Alter.\" \/>\n<meta name=\"robots\" content=\"index, follow, max-snippet:-1, max-image-preview:large, max-video-preview:-1\" \/>\n<link rel=\"canonical\" href=\"https:\/\/lidchirurgie-hamburg.de\/index.php\/leistungen\/lidfehlstellungen\/\" \/>\n<meta property=\"og:locale\" content=\"de_DE\" \/>\n<meta property=\"og:type\" content=\"article\" \/>\n<meta property=\"og:title\" content=\"Lidfehlstellungen - Lidchirurgie Hamburg\" \/>\n<meta property=\"og:description\" content=\"Lidoperationen dienen der Korrektur von Fehlstellungen infolge von Verletzungen, entz\u00fcndlichen Ver\u00e4nderungen oder Alter.\" \/>\n<meta property=\"og:url\" content=\"https:\/\/lidchirurgie-hamburg.de\/index.php\/leistungen\/lidfehlstellungen\/\" \/>\n<meta property=\"og:site_name\" content=\"Lidchirurgie Hamburg\" \/>\n<meta property=\"article:modified_time\" content=\"2024-05-15T14:40:27+00:00\" \/>\n<meta name=\"twitter:card\" content=\"summary_large_image\" \/>\n<meta name=\"twitter:label1\" content=\"Gesch\u00e4tzte Lesezeit\" \/>\n\t<meta name=\"twitter:data1\" content=\"2\u00a0Minuten\" \/>\n<script type=\"application\/ld+json\" class=\"yoast-schema-graph\">{\"@context\":\"https:\\\/\\\/schema.org\",\"@graph\":[{\"@type\":\"WebPage\",\"@id\":\"https:\\\/\\\/lidchirurgie-hamburg.de\\\/index.php\\\/leistungen\\\/lidfehlstellungen\\\/\",\"url\":\"https:\\\/\\\/lidchirurgie-hamburg.de\\\/index.php\\\/leistungen\\\/lidfehlstellungen\\\/\",\"name\":\"Lidfehlstellungen - Lidchirurgie Hamburg\",\"isPartOf\":{\"@id\":\"https:\\\/\\\/lidchirurgie-hamburg.de\\\/#website\"},\"datePublished\":\"2024-04-11T02:09:37+00:00\",\"dateModified\":\"2024-05-15T14:40:27+00:00\",\"description\":\"Lidoperationen dienen der Korrektur von Fehlstellungen infolge von Verletzungen, entz\u00fcndlichen Ver\u00e4nderungen oder Alter.\",\"breadcrumb\":{\"@id\":\"https:\\\/\\\/lidchirurgie-hamburg.de\\\/index.php\\\/leistungen\\\/lidfehlstellungen\\\/#breadcrumb\"},\"inLanguage\":\"de\",\"potentialAction\":[{\"@type\":\"ReadAction\",\"target\":[\"https:\\\/\\\/lidchirurgie-hamburg.de\\\/index.php\\\/leistungen\\\/lidfehlstellungen\\\/\"]}]},{\"@type\":\"BreadcrumbList\",\"@id\":\"https:\\\/\\\/lidchirurgie-hamburg.de\\\/index.php\\\/leistungen\\\/lidfehlstellungen\\\/#breadcrumb\",\"itemListElement\":[{\"@type\":\"ListItem\",\"position\":1,\"name\":\"Startseite\",\"item\":\"https:\\\/\\\/lidchirurgie-hamburg.de\\\/\"},{\"@type\":\"ListItem\",\"position\":2,\"name\":\"Leistungen\",\"item\":\"https:\\\/\\\/lidchirurgie-hamburg.de\\\/index.php\\\/leistungen\\\/\"},{\"@type\":\"ListItem\",\"position\":3,\"name\":\"Lidfehlstellungen\"}]},{\"@type\":\"WebSite\",\"@id\":\"https:\\\/\\\/lidchirurgie-hamburg.de\\\/#website\",\"url\":\"https:\\\/\\\/lidchirurgie-hamburg.de\\\/\",\"name\":\"Lidchirurgie Hamburg\",\"description\":\"Hier werde ich gesehen.\",\"potentialAction\":[{\"@type\":\"SearchAction\",\"target\":{\"@type\":\"EntryPoint\",\"urlTemplate\":\"https:\\\/\\\/lidchirurgie-hamburg.de\\\/?s={search_term_string}\"},\"query-input\":{\"@type\":\"PropertyValueSpecification\",\"valueRequired\":true,\"valueName\":\"search_term_string\"}}],\"inLanguage\":\"de\"}]}<\/script>\n<!-- \/ Yoast SEO plugin. -->","yoast_head_json":{"title":"Lidfehlstellungen - Lidchirurgie Hamburg","description":"Lidoperationen dienen der Korrektur von Fehlstellungen infolge von Verletzungen, entz\u00fcndlichen Ver\u00e4nderungen oder Alter.","robots":{"index":"index","follow":"follow","max-snippet":"max-snippet:-1","max-image-preview":"max-image-preview:large","max-video-preview":"max-video-preview:-1"},"canonical":"https:\/\/lidchirurgie-hamburg.de\/index.php\/leistungen\/lidfehlstellungen\/","og_locale":"de_DE","og_type":"article","og_title":"Lidfehlstellungen - Lidchirurgie Hamburg","og_description":"Lidoperationen dienen der Korrektur von Fehlstellungen infolge von Verletzungen, entz\u00fcndlichen Ver\u00e4nderungen oder Alter.","og_url":"https:\/\/lidchirurgie-hamburg.de\/index.php\/leistungen\/lidfehlstellungen\/","og_site_name":"Lidchirurgie Hamburg","article_modified_time":"2024-05-15T14:40:27+00:00","twitter_card":"summary_large_image","twitter_misc":{"Gesch\u00e4tzte Lesezeit":"2\u00a0Minuten"},"schema":{"@context":"https:\/\/schema.org","@graph":[{"@type":"WebPage","@id":"https:\/\/lidchirurgie-hamburg.de\/index.php\/leistungen\/lidfehlstellungen\/","url":"https:\/\/lidchirurgie-hamburg.de\/index.php\/leistungen\/lidfehlstellungen\/","name":"Lidfehlstellungen - Lidchirurgie Hamburg","isPartOf":{"@id":"https:\/\/lidchirurgie-hamburg.de\/#website"},"datePublished":"2024-04-11T02:09:37+00:00","dateModified":"2024-05-15T14:40:27+00:00","description":"Lidoperationen dienen der Korrektur von Fehlstellungen infolge von Verletzungen, entz\u00fcndlichen Ver\u00e4nderungen oder Alter.","breadcrumb":{"@id":"https:\/\/lidchirurgie-hamburg.de\/index.php\/leistungen\/lidfehlstellungen\/#breadcrumb"},"inLanguage":"de","potentialAction":[{"@type":"ReadAction","target":["https:\/\/lidchirurgie-hamburg.de\/index.php\/leistungen\/lidfehlstellungen\/"]}]},{"@type":"BreadcrumbList","@id":"https:\/\/lidchirurgie-hamburg.de\/index.php\/leistungen\/lidfehlstellungen\/#breadcrumb","itemListElement":[{"@type":"ListItem","position":1,"name":"Startseite","item":"https:\/\/lidchirurgie-hamburg.de\/"},{"@type":"ListItem","position":2,"name":"Leistungen","item":"https:\/\/lidchirurgie-hamburg.de\/index.php\/leistungen\/"},{"@type":"ListItem","position":3,"name":"Lidfehlstellungen"}]},{"@type":"WebSite","@id":"https:\/\/lidchirurgie-hamburg.de\/#website","url":"https:\/\/lidchirurgie-hamburg.de\/","name":"Lidchirurgie Hamburg","description":"Hier werde ich gesehen.","potentialAction":[{"@type":"SearchAction","target":{"@type":"EntryPoint","urlTemplate":"https:\/\/lidchirurgie-hamburg.de\/?s={search_term_string}"},"query-input":{"@type":"PropertyValueSpecification","valueRequired":true,"valueName":"search_term_string"}}],"inLanguage":"de"}]}},"_links":{"self":[{"href":"https:\/\/lidchirurgie-hamburg.de\/index.php\/wp-json\/wp\/v2\/pages\/389","targetHints":{"allow":["GET"]}}],"collection":[{"href":"https:\/\/lidchirurgie-hamburg.de\/index.php\/wp-json\/wp\/v2\/pages"}],"about":[{"href":"https:\/\/lidchirurgie-hamburg.de\/index.php\/wp-json\/wp\/v2\/types\/page"}],"author":[{"embeddable":true,"href":"https:\/\/lidchirurgie-hamburg.de\/index.php\/wp-json\/wp\/v2\/users\/1"}],"replies":[{"embeddable":true,"href":"https:\/\/lidchirurgie-hamburg.de\/index.php\/wp-json\/wp\/v2\/comments?post=389"}],"version-history":[{"count":24,"href":"https:\/\/lidchirurgie-hamburg.de\/index.php\/wp-json\/wp\/v2\/pages\/389\/revisions"}],"predecessor-version":[{"id":1077,"href":"https:\/\/lidchirurgie-hamburg.de\/index.php\/wp-json\/wp\/v2\/pages\/389\/revisions\/1077"}],"up":[{"embeddable":true,"href":"https:\/\/lidchirurgie-hamburg.de\/index.php\/wp-json\/wp\/v2\/pages\/48"}],"wp:attachment":[{"href":"https:\/\/lidchirurgie-hamburg.de\/index.php\/wp-json\/wp\/v2\/media?parent=389"}],"curies":[{"name":"wp","href":"https:\/\/api.w.org\/{rel}","templated":true}]}}