{"id":48,"date":"2024-04-08T09:25:48","date_gmt":"2024-04-08T09:25:48","guid":{"rendered":"https:\/\/lidchirurgie.clusterzone.de\/?page_id=48"},"modified":"2024-05-15T14:34:23","modified_gmt":"2024-05-15T14:34:23","slug":"leistungen","status":"publish","type":"page","link":"https:\/\/lidchirurgie-hamburg.de\/index.php\/leistungen\/","title":{"rendered":"Leistungen"},"content":{"rendered":"<ul>\n<li>\n        <a href=\"tel:+494042933869\">T. 040 429 338 69<\/a>\n    <\/li>\n<li>\n        <a href=\"mailto:info@lidchirurgie-hamburg.de\">E-Mail-Kontakt<\/a>\n    <\/li>\n<li>\n        <a href=\"\/index.php\/kontakt\/\">Kontakt<\/a>\n    <\/li>\n<\/ul>\n<h1>\n<p>Unsere Leistungen<\/p>\n<\/h1>\n<h1>\n<div>Unsere Leistungen konzentrieren sich auf das Wichtigste: Ihre Augen.<\/div>\n<div><\/div>\n<\/h1>\n<div>\n<p>Ihre Augen verraten mehr als Worte. Damit sie f\u00fcr jeden sichtbar zur Geltung kommen, ist jeder chirurgische Eingriff am Lid mit \u00e4u\u00dferster Sensibilit\u00e4t vorzunehmen. Daher arbeiten wir lieber mit dem Laser als mit dem Skalpell, wo es sinnvoll ist.<br \/>Neben der Erhaltung der Schutzfunktion der Lider f\u00fcr Ihre Augen, liegt uns daran, Ihre Pers\u00f6nlichkeit nach M\u00f6glichkeit zu betonen. Damit Sie etwas Besonderes entdecken: Sich selbst. Ihre Ausstrahlung und Ihre Sch\u00f6nheit.<\/p>\n<p><strong>Kurzum: Wir bringen Sie und Ihre Augen zum Strahlen. <\/strong><\/p>\n<\/div>\n<ul>\n<li>\n<p>        <img decoding=\"async\" src=\"\/wp-content\/uploads\/2024\/04\/boesartige-lidtumore.png\" alt=\"\"><\/p>\n<h2>Gut- &#038; b\u00f6sartige Lidtumore<\/h2>\n<p>Lidtumore<\/p>\n<p><a href=\"https:\/\/lidchirurgie.clusterzone.de\/index.php\/leistungen\/lidtumore\/lidtumore\/\"><\/a><\/p>\n<\/li>\n<li>\n<p>        <img decoding=\"async\" src=\"\/wp-content\/uploads\/2024\/04\/gestenkorn_lidtumore.jpg\" alt=\"\"><\/p>\n<h2>Entz\u00fcndliche Lidtumore: Hagel- &#038; Gerstenkorn<\/h2>\n<p>Lidtumore<\/p>\n<p><a href=\"\/index.php\/leistungen\/entzuendl-tumorehagel-gerstenkorn\/\"><\/a><\/p>\n<\/li>\n<li>\n<p>        <img decoding=\"async\" src=\"\/wp-content\/uploads\/2024\/04\/lidtumore_fettablagerungen.jpg\" alt=\"\"><\/p>\n<h2>Fettablagerungen (Xanthelasmen)<\/h2>\n<p>Lidtumore<\/p>\n<p><a href=\"\/index.php\/leistungen\/fettablagerungenxanthelasmen\/\"><\/a><\/p>\n<\/li>\n<li>\n<p>        <img decoding=\"async\" src=\"\/wp-content\/uploads\/2024\/04\/lidfehlstellung_schlupflid.jpg\" alt=\"\"><\/p>\n<h2> Schlupflider (Blepharochalasis)<\/h2>\n<p>Lidfehlstellungen<\/p>\n<p><a href=\"\/index.php\/leistungen\/schlupflider\/\"><\/a><\/p>\n<\/li>\n<li>\n<p>        <img decoding=\"async\" src=\"\/wp-content\/uploads\/2024\/04\/ptosis.jpg\" alt=\"\"><\/p>\n<h2>H\u00e4ngelid (Ptosis)<\/h2>\n<p>Lidfehlstellungen<\/p>\n<p><a href=\"\/index.php\/leistungen\/ptosis-haengelid\/\"><\/a><\/p>\n<\/li>\n<li>\n<p>        <img decoding=\"async\" src=\"\/wp-content\/uploads\/2024\/04\/entropium_lidfehlstellungen.jpg\" alt=\"\"><\/p>\n<h2>Ein- &#038; Ausw\u00e4rtsrollen<\/h2>\n<p>Lidfehlstellungen<\/p>\n<p><a href=\"\/index.php\/leistungen\/entropium-ektropium\/\"><\/a><\/p>\n<\/li>\n<li>\n<p>        <img decoding=\"async\" src=\"\/wp-content\/uploads\/2024\/04\/aesthetik_oberlid.jpg\" alt=\"\"><\/p>\n<h2>Oberlid (Blepharochalasis)<\/h2>\n<p>\u00c4sthetische Lidchirurgie<\/p>\n<p><a href=\"\/index.php\/leistungen\/blepharochalasis-ol\/\"><\/a><\/p>\n<\/li>\n<li>\n<p>        <img decoding=\"async\" src=\"\/wp-content\/uploads\/2024\/04\/aesthetik_traenensaecke.jpg\" alt=\"\"><\/p>\n<h2>Unterlid, Tr\u00e4nens\u00e4cke (Blepharochalasis)<\/h2>\n<p>\u00c4sthetische Lidchirurgie<\/p>\n<p><a href=\"\/index.php\/leistungen\/blepharochalasis-ul\/\"><\/a><\/p>\n<\/li>\n<li>\n<p>        <img decoding=\"async\" src=\"\/wp-content\/uploads\/2024\/04\/aesthetik_resurfacing.jpg\" alt=\"\"><\/p>\n<h2>Resurfacing<\/h2>\n<p>\u00c4sthetische Lidchirurgie<\/p>\n<p><a href=\"\/index.php\/leistungen\/resurfacing\/\"><\/a><\/p>\n<\/li>\n<\/ul>\n<p><!--more--><br \/>\n<!-- {\"type\":\"layout\",\"children\":[{\"type\":\"section\",\"props\":{\"image_position\":\"center-center\",\"padding\":\"large\",\"padding_remove_top\":true,\"style\":\"default\",\"title_breakpoint\":\"xl\",\"title_position\":\"top-left\",\"title_rotation\":\"left\",\"vertical_align\":\"middle\",\"width\":\"\"},\"children\":[{\"type\":\"row\",\"children\":[{\"type\":\"column\",\"props\":{\"image_position\":\"center-center\",\"position_sticky_breakpoint\":\"m\"},\"children\":[{\"type\":\"button\",\"props\":{\"grid_column_gap\":\"small\",\"grid_row_gap\":\"small\",\"margin\":\"default\",\"text_align\":\"center\",\"visibility\":\"hidden-l\"},\"children\":[{\"type\":\"button_item\",\"props\":{\"button_style\":\"primary\",\"content\":\"T. 040 429 338 69\",\"icon_align\":\"left\",\"link\":\"tel:+494042933869\"}},{\"type\":\"button_item\",\"props\":{\"button_style\":\"default\",\"content\":\"E-Mail-Kontakt\",\"icon_align\":\"left\",\"link\":\"mailto:info@lidchirurgie-hamburg.de\"}},{\"type\":\"button_item\",\"props\":{\"button_style\":\"default\",\"content\":\"Kontakt\",\"icon_align\":\"left\",\"link\":\"index.php\\\/kontakt\\\/\"}}],\"name\":\"Shortbuttons\"}]}]}],\"name\":\"Shortbuttons\"},{\"name\":\"Content\",\"type\":\"section\",\"props\":{\"animation\":\"slide-left-small\",\"animation_delay\":\"200\",\"image_position\":\"top-center\",\"padding\":\"large\",\"style\":\"default\",\"title_breakpoint\":\"xl\",\"title_position\":\"top-left\",\"title_rotation\":\"left\",\"vertical_align\":\"middle\",\"width\":\"large\"},\"children\":[{\"type\":\"row\",\"props\":{\"layout\":\"1-2,1-2\",\"margin\":\"large\",\"width\":\"xlarge\"},\"children\":[{\"type\":\"column\",\"props\":{\"image_position\":\"center-center\",\"position_sticky_breakpoint\":\"m\",\"width_medium\":\"1-2\"}},{\"type\":\"column\",\"props\":{\"image_position\":\"center-center\",\"position_sticky_breakpoint\":\"m\",\"width_medium\":\"1-2\"},\"children\":[{\"type\":\"headline\",\"props\":{\"content\":\"\n\n<p>Unsere Leistungen<\\\/p>\",\"title_element\":\"h1\",\"title_style\":\"h6\"}},{\"type\":\"headline\",\"props\":{\"content\":\"\n\n<div>Unsere Leistungen konzentrieren sich auf das Wichtigste: Ihre Augen.<\\\/div>\\n\n\n<div><\\\/div>\",\"title_element\":\"h1\",\"title_style\":\"h3\"}},{\"type\":\"text\",\"props\":{\"column_breakpoint\":\"m\",\"content\":\"\n\n<p>Ihre Augen verraten mehr als Worte. Damit sie f\\u00fcr jeden sichtbar zur Geltung kommen, ist jeder chirurgische Eingriff am Lid mit \\u00e4u\\u00dferster Sensibilit\\u00e4t vorzunehmen. Daher arbeiten wir lieber mit dem Laser als mit dem Skalpell, wo es sinnvoll ist.<br \\\/>Neben der Erhaltung der Schutzfunktion der Lider f\\u00fcr Ihre Augen, liegt uns daran, Ihre Pers\\u00f6nlichkeit nach M\\u00f6glichkeit zu betonen. Damit Sie etwas Besonderes entdecken: Sich selbst. Ihre Ausstrahlung und Ihre Sch\\u00f6nheit.<\\\/p>\\n\n\n<p><strong>Kurzum: Wir bringen Sie und Ihre Augen zum Strahlen. <\\\/strong><\\\/p>\",\"margin\":\"default\"}}]}]},{\"type\":\"row\",\"props\":{\"width\":\"expand\"},\"children\":[{\"type\":\"column\",\"props\":{\"image_position\":\"center-center\",\"position_sticky_breakpoint\":\"m\",\"width_medium\":\"1-1\"},\"children\":[{\"type\":\"gallery\",\"props\":{\"block_align\":\"center\",\"css\":\".uk-text-meta {\\n\\tcolor:#000000;\\n}\",\"filter\":true,\"filter_align\":\"left\",\"filter_all\":true,\"filter_all_label\":\"Alle\",\"filter_grid_breakpoint\":\"m\",\"filter_grid_width\":\"auto\",\"filter_position\":\"top\",\"filter_reverse\":false,\"filter_style\":\"tab\",\"grid_column_align\":false,\"grid_default\":\"1\",\"grid_large\":\"4\",\"grid_masonry\":\"next\",\"grid_medium\":\"3\",\"grid_row_align\":false,\"grid_small\":\"2\",\"image_height\":\"450\",\"image_width\":\"630\",\"item_animation\":true,\"link_style\":\"default\",\"link_text\":\"\",\"margin\":\"remove-vertical\",\"meta_align\":\"above-title\",\"meta_element\":\"div\",\"meta_style\":\"text-meta\",\"overlay_hover\":true,\"overlay_link\":true,\"overlay_mode\":\"cover\",\"overlay_position\":\"bottom-left\",\"overlay_style\":\"overlay-primary\",\"overlay_transition\":\"slide-bottom-small\",\"parallax_easing\":\"1\",\"show_content\":true,\"show_hover_image\":true,\"show_link\":true,\"show_meta\":true,\"show_title\":true,\"text_align\":\"\",\"text_color\":\"dark\",\"title_element\":\"h2\",\"title_hover_style\":\"reset\",\"title_margin\":\"small\",\"title_style\":\"h5\"},\"children\":[{\"type\":\"gallery_item\",\"props\":{\"content\":\"\",\"image\":\"wp-content\\\/uploads\\\/2024\\\/04\\\/boesartige-lidtumore.png\",\"link\":\"https:\\\/\\\/lidchirurgie.clusterzone.de\\\/index.php\\\/leistungen\\\/lidtumore\\\/lidtumore\\\/\",\"meta\":\"Lidtumore\",\"tags\":\"01_Lidtumore\",\"title\":\"Gut- & b\\u00f6sartige Lidtumore\"}},{\"type\":\"gallery_item\",\"props\":{\"image\":\"wp-content\\\/uploads\\\/2024\\\/04\\\/gestenkorn_lidtumore.jpg\",\"link\":\"index.php\\\/leistungen\\\/entzuendl-tumorehagel-gerstenkorn\\\/\",\"meta\":\"Lidtumore\",\"tags\":\"01_Lidtumore\",\"title\":\"Entz\\u00fcndliche Lidtumore: Hagel- & Gerstenkorn\"}},{\"type\":\"gallery_item\",\"props\":{\"image\":\"wp-content\\\/uploads\\\/2024\\\/04\\\/lidtumore_fettablagerungen.jpg\",\"link\":\"index.php\\\/leistungen\\\/fettablagerungenxanthelasmen\\\/\",\"meta\":\"Lidtumore\",\"tags\":\"01_Lidtumore\",\"title\":\"Fettablagerungen (Xanthelasmen)\"}},{\"type\":\"gallery_item\",\"props\":{\"image\":\"wp-content\\\/uploads\\\/2024\\\/04\\\/lidfehlstellung_schlupflid.jpg\",\"link\":\"index.php\\\/leistungen\\\/schlupflider\\\/\",\"meta\":\"Lidfehlstellungen\",\"tags\":\"02_Lidfehlstellungen\",\"title\":\" Schlupflider (Blepharochalasis)\"}},{\"type\":\"gallery_item\",\"props\":{\"image\":\"wp-content\\\/uploads\\\/2024\\\/04\\\/ptosis.jpg\",\"link\":\"index.php\\\/leistungen\\\/ptosis-haengelid\\\/\",\"meta\":\"Lidfehlstellungen\",\"tags\":\"02_Lidfehlstellungen\",\"title\":\"H\\u00e4ngelid (Ptosis)\"}},{\"type\":\"gallery_item\",\"props\":{\"image\":\"wp-content\\\/uploads\\\/2024\\\/04\\\/entropium_lidfehlstellungen.jpg\",\"link\":\"index.php\\\/leistungen\\\/entropium-ektropium\\\/\",\"meta\":\"Lidfehlstellungen\",\"tags\":\"02_Lidfehlstellungen\",\"title\":\"Ein- & Ausw\\u00e4rtsrollen\"}},{\"type\":\"gallery_item\",\"props\":{\"image\":\"wp-content\\\/uploads\\\/2024\\\/04\\\/aesthetik_oberlid.jpg\",\"link\":\"index.php\\\/leistungen\\\/blepharochalasis-ol\\\/\",\"meta\":\"\\u00c4sthetische Lidchirurgie\",\"tags\":\"03_\\u00c4sthetische Lidchirurgie\",\"title\":\"Oberlid (Blepharochalasis)\"}},{\"type\":\"gallery_item\",\"props\":{\"image\":\"wp-content\\\/uploads\\\/2024\\\/04\\\/aesthetik_traenensaecke.jpg\",\"link\":\"index.php\\\/leistungen\\\/blepharochalasis-ul\\\/\",\"meta\":\"\\u00c4sthetische Lidchirurgie\",\"tags\":\"03_\\u00c4sthetische Lidchirurgie\",\"title\":\"Unterlid, Tr\\u00e4nens\\u00e4cke (Blepharochalasis)\"}},{\"type\":\"gallery_item\",\"props\":{\"image\":\"wp-content\\\/uploads\\\/2024\\\/04\\\/aesthetik_resurfacing.jpg\",\"link\":\"index.php\\\/leistungen\\\/resurfacing\\\/\",\"meta\":\"\\u00c4sthetische Lidchirurgie\",\"tags\":\"03_\\u00c4sthetische Lidchirurgie\",\"title\":\"Resurfacing\"}},{\"type\":\"gallery_item\",\"props\":{\"image\":\"wp-content\\\/uploads\\\/2024\\\/04\\\/faltenbehandlung_hero.jpg\",\"link\":\"https:\\\/\\\/lidchirurgie.clusterzone.de\\\/index.php\\\/leistungen\\\/faltenbehandlung\\\/\",\"meta\":\"Botox\",\"status\":\"disabled\",\"tags\":\"04_Faltenbehandlung\",\"title\":\"Faltenbehandlung\"}}]},{\"type\":\"totop\",\"props\":{\"margin\":\"default\",\"text_align\":\"right\",\"title_grid_column_gap\":\"small\",\"title_grid_row_gap\":\"small\"},\"name\":\"To top\",\"modified\":\"2021-02-06T17:45:26.381Z\"}]}]}]}],\"version\":\"4.3.13\"} --><\/p>\n","protected":false},"excerpt":{"rendered":"<p>T. 040 429 338 69 E-Mail-Kontakt Kontakt Unsere Leistungen Unsere Leistungen konzentrieren sich auf das Wichtigste: Ihre Augen. Ihre Augen verraten mehr als Worte. Damit sie f\u00fcr jeden sichtbar zur Geltung kommen, ist jeder chirurgische Eingriff am Lid mit \u00e4u\u00dferster Sensibilit\u00e4t vorzunehmen. Daher arbeiten wir lieber mit dem Laser als mit dem Skalpell, wo es [&hellip;]<\/p>\n","protected":false},"author":1,"featured_media":0,"parent":0,"menu_order":2,"comment_status":"closed","ping_status":"closed","template":"","meta":{"footnotes":""},"class_list":["post-48","page","type-page","status-publish","hentry"],"yoast_head":"<!-- This site is optimized with the Yoast SEO plugin v27.5 - https:\/\/yoast.com\/product\/yoast-seo-wordpress\/ -->\n<title>Leistungen - Lidchirurgie Hamburg<\/title>\n<meta name=\"description\" content=\"Neben der Erhaltung der Schutzfunktion der Lider f\u00fcr Ihre Augen, liegt uns daran, Ihre Pers\u00f6nlichkeit nach M\u00f6glichkeit zu betonen.\" \/>\n<meta name=\"robots\" content=\"index, follow, max-snippet:-1, max-image-preview:large, max-video-preview:-1\" \/>\n<link rel=\"canonical\" href=\"https:\/\/lidchirurgie-hamburg.de\/index.php\/leistungen\/\" \/>\n<meta property=\"og:locale\" content=\"de_DE\" \/>\n<meta property=\"og:type\" content=\"article\" \/>\n<meta property=\"og:title\" content=\"Leistungen - Lidchirurgie Hamburg\" \/>\n<meta property=\"og:description\" content=\"Neben der Erhaltung der Schutzfunktion der Lider f\u00fcr Ihre Augen, liegt uns daran, Ihre Pers\u00f6nlichkeit nach M\u00f6glichkeit zu betonen.\" \/>\n<meta property=\"og:url\" content=\"https:\/\/lidchirurgie-hamburg.de\/index.php\/leistungen\/\" \/>\n<meta property=\"og:site_name\" content=\"Lidchirurgie Hamburg\" \/>\n<meta property=\"article:modified_time\" content=\"2024-05-15T14:34:23+00:00\" \/>\n<meta name=\"twitter:card\" content=\"summary_large_image\" \/>\n<meta name=\"twitter:label1\" content=\"Gesch\u00e4tzte Lesezeit\" \/>\n\t<meta name=\"twitter:data1\" content=\"3\u00a0Minuten\" \/>\n<script type=\"application\/ld+json\" class=\"yoast-schema-graph\">{\"@context\":\"https:\\\/\\\/schema.org\",\"@graph\":[{\"@type\":\"WebPage\",\"@id\":\"https:\\\/\\\/lidchirurgie-hamburg.de\\\/index.php\\\/leistungen\\\/\",\"url\":\"https:\\\/\\\/lidchirurgie-hamburg.de\\\/index.php\\\/leistungen\\\/\",\"name\":\"Leistungen - Lidchirurgie Hamburg\",\"isPartOf\":{\"@id\":\"https:\\\/\\\/lidchirurgie-hamburg.de\\\/#website\"},\"datePublished\":\"2024-04-08T09:25:48+00:00\",\"dateModified\":\"2024-05-15T14:34:23+00:00\",\"description\":\"Neben der Erhaltung der Schutzfunktion der Lider f\u00fcr Ihre Augen, liegt uns daran, Ihre Pers\u00f6nlichkeit nach M\u00f6glichkeit zu betonen.\",\"breadcrumb\":{\"@id\":\"https:\\\/\\\/lidchirurgie-hamburg.de\\\/index.php\\\/leistungen\\\/#breadcrumb\"},\"inLanguage\":\"de\",\"potentialAction\":[{\"@type\":\"ReadAction\",\"target\":[\"https:\\\/\\\/lidchirurgie-hamburg.de\\\/index.php\\\/leistungen\\\/\"]}]},{\"@type\":\"BreadcrumbList\",\"@id\":\"https:\\\/\\\/lidchirurgie-hamburg.de\\\/index.php\\\/leistungen\\\/#breadcrumb\",\"itemListElement\":[{\"@type\":\"ListItem\",\"position\":1,\"name\":\"Startseite\",\"item\":\"https:\\\/\\\/lidchirurgie-hamburg.de\\\/\"},{\"@type\":\"ListItem\",\"position\":2,\"name\":\"Leistungen\"}]},{\"@type\":\"WebSite\",\"@id\":\"https:\\\/\\\/lidchirurgie-hamburg.de\\\/#website\",\"url\":\"https:\\\/\\\/lidchirurgie-hamburg.de\\\/\",\"name\":\"Lidchirurgie Hamburg\",\"description\":\"Hier werde ich gesehen.\",\"potentialAction\":[{\"@type\":\"SearchAction\",\"target\":{\"@type\":\"EntryPoint\",\"urlTemplate\":\"https:\\\/\\\/lidchirurgie-hamburg.de\\\/?s={search_term_string}\"},\"query-input\":{\"@type\":\"PropertyValueSpecification\",\"valueRequired\":true,\"valueName\":\"search_term_string\"}}],\"inLanguage\":\"de\"}]}<\/script>\n<!-- \/ Yoast SEO plugin. -->","yoast_head_json":{"title":"Leistungen - Lidchirurgie Hamburg","description":"Neben der Erhaltung der Schutzfunktion der Lider f\u00fcr Ihre Augen, liegt uns daran, Ihre Pers\u00f6nlichkeit nach M\u00f6glichkeit zu betonen.","robots":{"index":"index","follow":"follow","max-snippet":"max-snippet:-1","max-image-preview":"max-image-preview:large","max-video-preview":"max-video-preview:-1"},"canonical":"https:\/\/lidchirurgie-hamburg.de\/index.php\/leistungen\/","og_locale":"de_DE","og_type":"article","og_title":"Leistungen - Lidchirurgie Hamburg","og_description":"Neben der Erhaltung der Schutzfunktion der Lider f\u00fcr Ihre Augen, liegt uns daran, Ihre Pers\u00f6nlichkeit nach M\u00f6glichkeit zu betonen.","og_url":"https:\/\/lidchirurgie-hamburg.de\/index.php\/leistungen\/","og_site_name":"Lidchirurgie Hamburg","article_modified_time":"2024-05-15T14:34:23+00:00","twitter_card":"summary_large_image","twitter_misc":{"Gesch\u00e4tzte Lesezeit":"3\u00a0Minuten"},"schema":{"@context":"https:\/\/schema.org","@graph":[{"@type":"WebPage","@id":"https:\/\/lidchirurgie-hamburg.de\/index.php\/leistungen\/","url":"https:\/\/lidchirurgie-hamburg.de\/index.php\/leistungen\/","name":"Leistungen - Lidchirurgie Hamburg","isPartOf":{"@id":"https:\/\/lidchirurgie-hamburg.de\/#website"},"datePublished":"2024-04-08T09:25:48+00:00","dateModified":"2024-05-15T14:34:23+00:00","description":"Neben der Erhaltung der Schutzfunktion der Lider f\u00fcr Ihre Augen, liegt uns daran, Ihre Pers\u00f6nlichkeit nach M\u00f6glichkeit zu betonen.","breadcrumb":{"@id":"https:\/\/lidchirurgie-hamburg.de\/index.php\/leistungen\/#breadcrumb"},"inLanguage":"de","potentialAction":[{"@type":"ReadAction","target":["https:\/\/lidchirurgie-hamburg.de\/index.php\/leistungen\/"]}]},{"@type":"BreadcrumbList","@id":"https:\/\/lidchirurgie-hamburg.de\/index.php\/leistungen\/#breadcrumb","itemListElement":[{"@type":"ListItem","position":1,"name":"Startseite","item":"https:\/\/lidchirurgie-hamburg.de\/"},{"@type":"ListItem","position":2,"name":"Leistungen"}]},{"@type":"WebSite","@id":"https:\/\/lidchirurgie-hamburg.de\/#website","url":"https:\/\/lidchirurgie-hamburg.de\/","name":"Lidchirurgie Hamburg","description":"Hier werde ich gesehen.","potentialAction":[{"@type":"SearchAction","target":{"@type":"EntryPoint","urlTemplate":"https:\/\/lidchirurgie-hamburg.de\/?s={search_term_string}"},"query-input":{"@type":"PropertyValueSpecification","valueRequired":true,"valueName":"search_term_string"}}],"inLanguage":"de"}]}},"_links":{"self":[{"href":"https:\/\/lidchirurgie-hamburg.de\/index.php\/wp-json\/wp\/v2\/pages\/48","targetHints":{"allow":["GET"]}}],"collection":[{"href":"https:\/\/lidchirurgie-hamburg.de\/index.php\/wp-json\/wp\/v2\/pages"}],"about":[{"href":"https:\/\/lidchirurgie-hamburg.de\/index.php\/wp-json\/wp\/v2\/types\/page"}],"author":[{"embeddable":true,"href":"https:\/\/lidchirurgie-hamburg.de\/index.php\/wp-json\/wp\/v2\/users\/1"}],"replies":[{"embeddable":true,"href":"https:\/\/lidchirurgie-hamburg.de\/index.php\/wp-json\/wp\/v2\/comments?post=48"}],"version-history":[{"count":55,"href":"https:\/\/lidchirurgie-hamburg.de\/index.php\/wp-json\/wp\/v2\/pages\/48\/revisions"}],"predecessor-version":[{"id":1105,"href":"https:\/\/lidchirurgie-hamburg.de\/index.php\/wp-json\/wp\/v2\/pages\/48\/revisions\/1105"}],"wp:attachment":[{"href":"https:\/\/lidchirurgie-hamburg.de\/index.php\/wp-json\/wp\/v2\/media?parent=48"}],"curies":[{"name":"wp","href":"https:\/\/api.w.org\/{rel}","templated":true}]}}