{"id":68,"date":"2024-04-08T09:37:41","date_gmt":"2024-04-08T09:37:41","guid":{"rendered":"https:\/\/lidchirurgie.clusterzone.de\/?page_id=68"},"modified":"2024-11-28T09:35:04","modified_gmt":"2024-11-28T09:35:04","slug":"ptosis-haengelid","status":"publish","type":"page","link":"https:\/\/lidchirurgie-hamburg.de\/index.php\/leistungen\/lidfehlstellungen\/ptosis-haengelid\/","title":{"rendered":"H\u00e4ngelid (Ptosis)"},"content":{"rendered":"<ul>\n<li>\n        <a href=\"tel:+494042933869\">T. 040 429 338 69<\/a>\n    <\/li>\n<li>\n        <a href=\"mailto:info@lidchirurgie-hamburg.de\">E-Mail-Kontakt<\/a>\n    <\/li>\n<li>\n        <a href=\"\/index.php\/kontakt\/\">Kontakt<\/a>\n    <\/li>\n<\/ul>\n<p><img decoding=\"async\" src=\"\/wp-content\/uploads\/2024\/04\/ptosis_vorhernachher.jpg\" alt=\"\"><\/p>\n<h1>\n<p>H\u00e4ngendes Oberlid (Ptosis)<\/p>\n<\/h1>\n<h1>\n<p><strong>Danach sieht man klarer: <\/strong>Korrektur des H\u00e4ngelids.<\/p>\n<\/h1>\n<p>\n    <a href=\"#info\">Weitere Informationen<\/a>\n<\/p>\n<div>\n<h2>Auf einen Blick.<\/h2>\n<div>\n<ul>\n<li><strong>Operateurin:<\/strong> Dr. Sylvia Green<\/li>\n<li><strong>Operationsdauer:<\/strong> 60 Min.<\/li>\n<li><strong><strong>An\u00e4sthesie: <\/strong><\/strong>Lokale Bet\u00e4ubung mit Analgosedierung (An\u00e4sthesiebegleitung)<\/li>\n<li><strong>Heilung\/Nachsorge: <\/strong>K\u00fchlung, Fadenzug 10 Tage<\/li>\n<li><strong>Sportpause: <\/strong>2-3 Wochen<\/li>\n<li><strong>Abrechnung:<\/strong> Nach GO\u00c4<\/li>\n<\/ul>\n<\/div>\n<\/div>\n<h1>\n<p><strong>H\u00e4ngendes Oberlid: <\/strong>Ptosis.<\/p>\n<\/h1>\n<div>\n<p>Bei einem <strong>H\u00e4ngelid, <\/strong>auch<strong> Ptosis<\/strong>, handelt es sich um eine <strong>Fehlstellung der Oberlider<\/strong>. Es kommt es zu einem dauerhaften Herabh\u00e4ngen einer oder beider Oberlider (Lidsenkung). Die Lidspalte ist hierbei verengt, sodass Sichtfeld und Sehen erheblich beeintr\u00e4chtigt sein k\u00f6nnen. H\u00e4ufigste Ursache der Ptosis ist eine altersbedingte Erschlaffung des Lidhebemuskels und dessen Sehne. Die Ptosis kann auch angeboren sein (congenitale Ptosis) oder neurologische Ursachen haben.<\/p>\n<p><strong>Operation: <\/strong>Bei dieser Operation erfolgen die Hautschnitte \u00fcber die nat\u00fcrliche Oberlidfurche mit dem CO2-Laser. Neben der Reduktion von \u00fcbersch\u00fcssiger Oberlidhaut und Fettgewebe (Oberlidblepharoplastik) wird der Lidhebemuskel freigelegt und mittels aufl\u00f6sender N\u00e4hte neu an dem Gewebe der Oberlidkante befestigt und somit gek\u00fcrzt. Hierbei muss w\u00e4hrend der Operation der Lidstand beurteilt werden, um eine Symmetrie der Lidspaltenweite anzustreben und ein funktionell sowie \u00e4sthetisch optimales Ergebnis zu erzielen.<\/p>\n<\/div>\n<ul>\n<li>\n<p>        <img decoding=\"async\" src=\"\/wp-content\/uploads\/2024\/04\/boesartige-lidtumore.png\" alt=\"\"><\/p>\n<h2>Lidtumore<\/h2>\n<p><a href=\"\/index.php\/leistungen\/lidtumore\/\"><\/a><\/p>\n<\/li>\n<li>\n<p>        <img decoding=\"async\" src=\"\/wp-content\/uploads\/2024\/04\/lidfehlstellung_schlupflid.jpg\" alt=\"\"><\/p>\n<h2>Lidfehlstellungen<\/h2>\n<p><a href=\"\/index.php\/leistungen\/lidfehlstellungen\/\"><\/a><\/p>\n<\/li>\n<li>\n<p>        <img decoding=\"async\" src=\"\/wp-content\/uploads\/2024\/04\/aesthetik_resurfacing.jpg\" alt=\"\"><\/p>\n<h2>\u00c4sthetische Lidchirurgie<\/h2>\n<p><a href=\"\/index.php\/leistungen\/aesthetische-lidchirurgie\/\"><\/a><\/p>\n<\/li>\n<\/ul>\n<ul>\n<li>\n<div>\n<ul>\n<li><a href=\"https:\/\/lidchirurgie.clusterzone.de\/index.php\/leistungen\/lidtumore\/lidtumore\/\" target=\"_blank\" rel=\"noopener\">Lidtumore<\/a><\/li>\n<li style=\"font-weight: 400;\"><a href=\"https:\/\/lidchirurgie.clusterzone.de\/index.php\/leistungen\/lidtumore\/entzuendl-tumorehagel-gerstenkorn\/\" target=\"_blank\" rel=\"noopener\">Hagel- + Gerstenkorn<\/a><\/li>\n<li style=\"font-weight: 400;\"><a href=\"https:\/\/lidchirurgie.clusterzone.de\/index.php\/leistungen\/lidtumore\/fettablagerungenxanthelasmen\/\" target=\"_blank\" rel=\"noopener\">Fettablagerungen (Xanthelasmen)<\/a>\u00a0<\/li>\n<\/ul>\n<\/div>\n<\/li>\n<li>\n<div>\n<ul>\n<li style=\"font-weight: 400;\"><a href=\"https:\/\/lidchirurgie.clusterzone.de\/index.php\/leistungen\/lidfehlstellungen\/schlupflider\/\" target=\"_blank\" rel=\"noopener\">Schlupflider<\/a>\u00a0<\/li>\n<li style=\"font-weight: 400;\"><a href=\"https:\/\/lidchirurgie.clusterzone.de\/index.php\/leistungen\/lidfehlstellungen\/ptosis-haengelid\/\" target=\"_blank\" rel=\"noopener\">H\u00e4ngelid (Ptosis)<\/a>\u00a0<\/li>\n<li style=\"font-weight: 400;\"><a href=\"https:\/\/lidchirurgie.clusterzone.de\/index.php\/leistungen\/lidfehlstellungen\/entropium-ektropium\/\" target=\"_blank\" rel=\"noopener\">Ein-\/Ausw\u00e4rtsdrehung<\/a><\/li>\n<\/ul>\n<\/div>\n<\/li>\n<li>\n<div>\n<ul>\n<li style=\"font-weight: 400;\"><a href=\"https:\/\/lidchirurgie.clusterzone.de\/index.php\/leistungen\/aesthetische-lidchirurgie\/blepharochalasis-ol\/\">Oberlid (Blepharochalasis)<\/a><\/li>\n<li><a href=\"https:\/\/lidchirurgie.clusterzone.de\/index.php\/leistungen\/aesthetische-lidchirurgie\/blepharochalasis-ul\/\">Tr\u00e4nens\u00e4cke (Blepharochalasis)<\/a><\/li>\n<li style=\"font-weight: 400;\"><a href=\"https:\/\/lidchirurgie.clusterzone.de\/index.php\/leistungen\/aesthetische-lidchirurgie\/resurfacing\/\">Resurfacing<\/a><\/li>\n<\/ul>\n<\/div>\n<\/li>\n<\/ul>\n<p><!--more--><br \/>\n<!-- {\"type\":\"layout\",\"children\":[{\"type\":\"section\",\"props\":{\"image_position\":\"center-center\",\"padding\":\"large\",\"padding_remove_top\":true,\"style\":\"default\",\"title_breakpoint\":\"xl\",\"title_position\":\"top-left\",\"title_rotation\":\"left\",\"vertical_align\":\"\",\"width\":\"\"},\"children\":[{\"type\":\"row\",\"children\":[{\"type\":\"column\",\"props\":{\"image_position\":\"center-center\",\"position_sticky_breakpoint\":\"m\"},\"children\":[{\"type\":\"button\",\"props\":{\"grid_column_gap\":\"small\",\"grid_row_gap\":\"small\",\"margin\":\"default\",\"text_align\":\"center\",\"visibility\":\"hidden-l\"},\"children\":[{\"type\":\"button_item\",\"props\":{\"button_style\":\"primary\",\"content\":\"T. 040 429 338 69\",\"icon_align\":\"left\",\"link\":\"tel:+494042933869\"}},{\"type\":\"button_item\",\"props\":{\"button_style\":\"default\",\"content\":\"E-Mail-Kontakt\",\"icon_align\":\"left\",\"link\":\"mailto:info@lidchirurgie-hamburg.de\"}},{\"type\":\"button_item\",\"props\":{\"button_style\":\"default\",\"content\":\"Kontakt\",\"icon_align\":\"left\",\"link\":\"index.php\\\/kontakt\\\/\"}}],\"name\":\"Shortbuttons\"}]}]}],\"name\":\"Shortbuttons\"},{\"name\":\"Leistung Banner\",\"type\":\"section\",\"props\":{\"animation\":\"slide-left-small\",\"animation_delay\":\"200\",\"css\":\"@media (min-width: 500px)  {\\n    .el-section {\\n        padding-bottom: 0;\\n    }\\n}\",\"image_position\":\"center-center\",\"padding_remove_top\":true,\"style\":\"muted\",\"title_breakpoint\":\"xl\",\"title_position\":\"top-left\",\"title_rotation\":\"left\",\"vertical_align\":\"\",\"width\":\"\"},\"children\":[{\"type\":\"row\",\"props\":{\"column_gap\":\"large\",\"layout\":\"1-2,1-2\",\"margin_remove_bottom\":false,\"margin_remove_top\":false,\"row_gap\":\"large\",\"vertical_align\":false},\"children\":[{\"type\":\"column\",\"props\":{\"css\":\".el-column {\\n\\tmin-height: 500px;\\n}\",\"image_position\":\"center-center\",\"image_size\":\"cover\",\"padding\":\"none\",\"position_sticky_breakpoint\":\"m\",\"vertical_align\":\"middle\",\"width_medium\":\"1-2\"},\"children\":[{\"type\":\"image\",\"props\":{\"image\":\"wp-content\\\/uploads\\\/2024\\\/04\\\/ptosis_vorhernachher.jpg\",\"image_height\":1320,\"image_svg_color\":\"emphasis\",\"image_width\":1772,\"margin\":\"default\"}}]},{\"type\":\"column\",\"props\":{\"image_position\":\"center-center\",\"padding\":\"large\",\"position_sticky_breakpoint\":\"m\",\"style\":\"tile-muted\",\"width_medium\":\"1-2\"},\"children\":[{\"type\":\"headline\",\"props\":{\"block_align\":\"center\",\"content\":\"\n\n<p>H\\u00e4ngendes Oberlid (Ptosis)<\\\/p>\",\"maxwidth\":\"xlarge\",\"title_element\":\"h1\",\"title_style\":\"h6\"}},{\"type\":\"headline\",\"props\":{\"block_align\":\"center\",\"content\":\"\n\n<p><strong>Danach sieht man klarer: <\\\/strong>Korrektur des H\\u00e4ngelids.<\\\/p>\",\"maxwidth\":\"xlarge\",\"maxwidth_breakpoint\":\"m\",\"title_element\":\"h1\",\"title_style\":\"h3\"}},{\"type\":\"button\",\"props\":{\"block_align\":\"center\",\"grid_column_gap\":\"small\",\"grid_row_gap\":\"small\",\"margin\":\"small\",\"maxwidth\":\"xlarge\"},\"children\":[{\"type\":\"button_item\",\"props\":{\"button_style\":\"default\",\"content\":\"Weitere Informationen\",\"icon_align\":\"left\",\"link\":\"#info\"}}],\"name\":\"Info\"}]}]}]},{\"name\":\"Leistung Content\",\"type\":\"section\",\"props\":{\"animation\":\"slide-bottom-medium\",\"image_height\":\"260\",\"image_position\":\"top-center\",\"image_width\":\"600\",\"media_visibility\":\"m\",\"padding\":\"large\",\"padding_remove_bottom\":false,\"style\":\"default\",\"title_breakpoint\":\"xl\",\"title_position\":\"top-left\",\"title_rotation\":\"left\",\"vertical_align\":\"\",\"width\":\"xlarge\"},\"children\":[{\"type\":\"row\",\"props\":{\"column_gap\":\"large\",\"id\":\"info\",\"layout\":\"1-2,1-2\",\"row_gap\":\"large\",\"width\":\"large\"},\"children\":[{\"type\":\"column\",\"props\":{\"image_position\":\"center-center\",\"position_sticky_breakpoint\":\"m\",\"width_medium\":\"1-2\"},\"children\":[{\"type\":\"panel\",\"props\":{\"animation\":\"parallax\",\"block_align\":\"center\",\"content\":\"\n\n<ul>\\n\n\n<li><strong>Operateurin:<\\\/strong> Dr. Sylvia Green<\\\/li>\\n\n\n<li><strong>Operationsdauer:<\\\/strong> 60 Min.<\\\/li>\\n\n\n<li><strong><strong>An\\u00e4sthesie: <\\\/strong><\\\/strong>Lokale Bet\\u00e4ubung mit Analgosedierung (An\\u00e4sthesiebegleitung)<\\\/li>\\n\n\n<li><strong>Heilung\\\/Nachsorge: <\\\/strong>K\\u00fchlung, Fadenzug 10 Tage<\\\/li>\\n\n\n<li><strong>Sportpause: <\\\/strong>2-3 Wochen<\\\/li>\\n\n\n<li><strong>Abrechnung:<\\\/strong> Nach GO\\u00c4<\\\/li>\\n<\\\/ul>\",\"content_column_breakpoint\":\"m\",\"content_margin\":\"medium\",\"icon_width\":80,\"id\":\"details\",\"image_align\":\"top\",\"image_grid_breakpoint\":\"m\",\"image_grid_width\":\"1-2\",\"image_svg_color\":\"emphasis\",\"link_style\":\"default\",\"link_text\":\"Read more\",\"margin\":\"\",\"margin_remove_bottom\":false,\"maxwidth\":\"large\",\"maxwidth_breakpoint\":\"l\",\"meta_align\":\"below-title\",\"meta_element\":\"div\",\"meta_style\":\"text-meta\",\"panel_padding\":\"large\",\"panel_style\":\"card-secondary\",\"parallax_breakpoint\":\"l\",\"parallax_easing\":\"1\",\"parallax_x\":\"-100,-100\",\"parallax_y\":\"-200,-200\",\"title\":\"Auf einen Blick.\",\"title_align\":\"top\",\"title_element\":\"h2\",\"title_grid_breakpoint\":\"m\",\"title_grid_width\":\"1-2\",\"title_hover_style\":\"reset\",\"title_style\":\"h5\"}}]},{\"type\":\"column\",\"props\":{\"image_height\":\"160\",\"image_position\":\"top-left\",\"image_width\":\"360\",\"position_sticky_breakpoint\":\"m\",\"width_medium\":\"1-2\"},\"children\":[{\"type\":\"headline\",\"props\":{\"block_align\":\"center\",\"content\":\"\n\n<p><strong>H\\u00e4ngendes Oberlid: <\\\/strong>Ptosis.<\\\/p>\",\"maxwidth_breakpoint\":\"m\",\"title_element\":\"h1\",\"title_style\":\"h3\"}},{\"type\":\"text\",\"props\":{\"column_breakpoint\":\"m\",\"content\":\"\n\n<p>Bei einem <strong>H\\u00e4ngelid, <\\\/strong>auch<strong> Ptosis<\\\/strong>, handelt es sich um eine <strong>Fehlstellung der Oberlider<\\\/strong>. Es kommt es zu einem dauerhaften Herabh\\u00e4ngen einer oder beider Oberlider (Lidsenkung). Die Lidspalte ist hierbei verengt, sodass Sichtfeld und Sehen erheblich beeintr\\u00e4chtigt sein k\\u00f6nnen. H\\u00e4ufigste Ursache der Ptosis ist eine altersbedingte Erschlaffung des Lidhebemuskels und dessen Sehne. Die Ptosis kann auch angeboren sein (congenitale Ptosis) oder neurologische Ursachen haben.<\\\/p>\\n\n\n<p><strong>Operation: <\\\/strong>Bei dieser Operation erfolgen die Hautschnitte \\u00fcber die nat\\u00fcrliche Oberlidfurche mit dem CO2-Laser. Neben der Reduktion von \\u00fcbersch\\u00fcssiger Oberlidhaut und Fettgewebe (Oberlidblepharoplastik) wird der Lidhebemuskel freigelegt und mittels aufl\\u00f6sender N\\u00e4hte neu an dem Gewebe der Oberlidkante befestigt und somit gek\\u00fcrzt. Hierbei muss w\\u00e4hrend der Operation der Lidstand beurteilt werden, um eine Symmetrie der Lidspaltenweite anzustreben und ein funktionell sowie \\u00e4sthetisch optimales Ergebnis zu erzielen.<\\\/p>\",\"margin\":\"default\"}}]}]}]},{\"name\":\"Leistung \\u00dcbersicht\",\"type\":\"section\",\"props\":{\"animation\":\"slide-left-small\",\"animation_delay\":\"200\",\"image_position\":\"top-center\",\"padding\":\"large\",\"style\":\"default\",\"title_breakpoint\":\"xl\",\"title_position\":\"top-left\",\"title_rotation\":\"left\",\"vertical_align\":\"\",\"width\":\"large\"},\"children\":[{\"type\":\"row\",\"props\":{\"width\":\"expand\"},\"children\":[{\"type\":\"column\",\"props\":{\"image_position\":\"center-center\",\"position_sticky_breakpoint\":\"m\",\"width_medium\":\"1-1\"},\"children\":[{\"type\":\"gallery\",\"props\":{\"block_align\":\"center\",\"css\":\".uk-text-meta {\\n\\tcolor:#000000;\\n}\",\"filter\":true,\"filter_align\":\"left\",\"filter_all\":true,\"filter_all_label\":\"Alle\",\"filter_grid_breakpoint\":\"m\",\"filter_grid_width\":\"auto\",\"filter_position\":\"top\",\"filter_reverse\":false,\"filter_style\":\"tab\",\"grid_column_align\":false,\"grid_default\":\"1\",\"grid_large\":\"4\",\"grid_masonry\":\"next\",\"grid_medium\":\"4\",\"grid_row_align\":false,\"grid_small\":\"2\",\"image_height\":\"450\",\"image_width\":\"630\",\"item_animation\":true,\"link_style\":\"default\",\"link_text\":\"\",\"margin\":\"remove-vertical\",\"meta_align\":\"above-title\",\"meta_element\":\"div\",\"meta_style\":\"text-meta\",\"overlay_hover\":true,\"overlay_link\":true,\"overlay_mode\":\"cover\",\"overlay_position\":\"bottom-left\",\"overlay_style\":\"overlay-primary\",\"overlay_transition\":\"slide-bottom-small\",\"parallax_easing\":\"1\",\"show_content\":true,\"show_hover_image\":true,\"show_hover_video\":true,\"show_link\":true,\"show_meta\":true,\"show_title\":true,\"text_align\":\"\",\"text_color\":\"dark\",\"title_element\":\"h2\",\"title_hover_style\":\"reset\",\"title_margin\":\"small\",\"title_style\":\"h5\"},\"children\":[{\"type\":\"gallery_item\",\"props\":{\"content\":\"\",\"image\":\"wp-content\\\/uploads\\\/2024\\\/04\\\/boesartige-lidtumore.png\",\"link\":\"index.php\\\/leistungen\\\/lidtumore\\\/\",\"meta\":\"\",\"title\":\"Lidtumore\"}},{\"type\":\"gallery_item\",\"props\":{\"image\":\"wp-content\\\/uploads\\\/2024\\\/04\\\/lidfehlstellung_schlupflid.jpg\",\"link\":\"index.php\\\/leistungen\\\/lidfehlstellungen\\\/\",\"meta\":\"\",\"title\":\"Lidfehlstellungen\"}},{\"type\":\"gallery_item\",\"props\":{\"image\":\"wp-content\\\/uploads\\\/2024\\\/04\\\/aesthetik_resurfacing.jpg\",\"link\":\"index.php\\\/leistungen\\\/aesthetische-lidchirurgie\\\/\",\"meta\":\"\",\"title\":\"\\u00c4sthetische Lidchirurgie\"}}],\"name\":\"Gallery\"},{\"type\":\"grid\",\"props\":{\"content_column_breakpoint\":\"m\",\"filter_align\":\"left\",\"filter_all\":true,\"filter_grid_breakpoint\":\"m\",\"filter_grid_width\":\"auto\",\"filter_position\":\"top\",\"filter_style\":\"tab\",\"grid_default\":\"1\",\"grid_medium\":\"4\",\"icon_width\":80,\"image_align\":\"top\",\"image_grid_breakpoint\":\"m\",\"image_grid_width\":\"1-2\",\"image_svg_color\":\"emphasis\",\"item_animation\":true,\"link_style\":\"default\",\"link_text\":\"Read more\",\"margin\":\"default\",\"meta_align\":\"below-title\",\"meta_element\":\"div\",\"meta_style\":\"text-meta\",\"show_content\":true,\"show_image\":true,\"show_link\":true,\"show_meta\":true,\"show_title\":true,\"title_align\":\"top\",\"title_element\":\"h3\",\"title_grid_breakpoint\":\"m\",\"title_grid_width\":\"1-2\",\"title_hover_style\":\"reset\"},\"children\":[{\"type\":\"grid_item\",\"props\":{\"content\":\"\n\n<ul>\\n\n\n<li><a href=\\\"https:\\\/\\\/lidchirurgie.clusterzone.de\\\/index.php\\\/leistungen\\\/lidtumore\\\/lidtumore\\\/\\\" target=\\\"_blank\\\" rel=\\\"noopener\\\">Lidtumore<\\\/a><\\\/li>\\n\n\n<li style=\\\"font-weight: 400;\\\"><a href=\\\"https:\\\/\\\/lidchirurgie.clusterzone.de\\\/index.php\\\/leistungen\\\/lidtumore\\\/entzuendl-tumorehagel-gerstenkorn\\\/\\\" target=\\\"_blank\\\" rel=\\\"noopener\\\">Hagel- + Gerstenkorn<\\\/a><\\\/li>\\n\n\n<li style=\\\"font-weight: 400;\\\"><a href=\\\"https:\\\/\\\/lidchirurgie.clusterzone.de\\\/index.php\\\/leistungen\\\/lidtumore\\\/fettablagerungenxanthelasmen\\\/\\\" target=\\\"_blank\\\" rel=\\\"noopener\\\">Fettablagerungen (Xanthelasmen)<\\\/a>\\u00a0<\\\/li>\\n<\\\/ul>\"}},{\"type\":\"grid_item\",\"props\":{\"content\":\"\n\n<ul>\\n\n\n<li style=\\\"font-weight: 400;\\\"><a href=\\\"https:\\\/\\\/lidchirurgie.clusterzone.de\\\/index.php\\\/leistungen\\\/lidfehlstellungen\\\/schlupflider\\\/\\\" target=\\\"_blank\\\" rel=\\\"noopener\\\">Schlupflider<\\\/a>\\u00a0<\\\/li>\\n\n\n<li style=\\\"font-weight: 400;\\\"><a href=\\\"https:\\\/\\\/lidchirurgie.clusterzone.de\\\/index.php\\\/leistungen\\\/lidfehlstellungen\\\/ptosis-haengelid\\\/\\\" target=\\\"_blank\\\" rel=\\\"noopener\\\">H\\u00e4ngelid (Ptosis)<\\\/a>\\u00a0<\\\/li>\\n\n\n<li style=\\\"font-weight: 400;\\\"><a href=\\\"https:\\\/\\\/lidchirurgie.clusterzone.de\\\/index.php\\\/leistungen\\\/lidfehlstellungen\\\/entropium-ektropium\\\/\\\" target=\\\"_blank\\\" rel=\\\"noopener\\\">Ein-\\\/Ausw\\u00e4rtsdrehung<\\\/a><\\\/li>\\n<\\\/ul>\"}},{\"type\":\"grid_item\",\"props\":{\"content\":\"\n\n<ul>\\n\n\n<li style=\\\"font-weight: 400;\\\"><a href=\\\"https:\\\/\\\/lidchirurgie.clusterzone.de\\\/index.php\\\/leistungen\\\/aesthetische-lidchirurgie\\\/blepharochalasis-ol\\\/\\\">Oberlid (Blepharochalasis)<\\\/a><\\\/li>\\n\n\n<li><a href=\\\"https:\\\/\\\/lidchirurgie.clusterzone.de\\\/index.php\\\/leistungen\\\/aesthetische-lidchirurgie\\\/blepharochalasis-ul\\\/\\\">Tr\\u00e4nens\\u00e4cke (Blepharochalasis)<\\\/a><\\\/li>\\n\n\n<li style=\\\"font-weight: 400;\\\"><a href=\\\"https:\\\/\\\/lidchirurgie.clusterzone.de\\\/index.php\\\/leistungen\\\/aesthetische-lidchirurgie\\\/resurfacing\\\/\\\">Resurfacing<\\\/a><\\\/li>\\n<\\\/ul>\"}},{\"type\":\"grid_item\",\"props\":{\"content\":\"\n\n<ul>\\n\n\n<li><a href=\\\"https:\\\/\\\/lidchirurgie.clusterzone.de\\\/index.php\\\/leistungen\\\/faltenbehandlung\\\/\\\" target=\\\"_blank\\\" rel=\\\"noopener\\\">Botox<\\\/a><\\\/li>\\n<\\\/ul>\",\"status\":\"disabled\"}}],\"name\":\"Grid\"},{\"type\":\"totop\",\"props\":{\"margin\":\"default\",\"text_align\":\"right\",\"title_grid_column_gap\":\"small\",\"title_grid_row_gap\":\"small\"},\"name\":\"To top\",\"modified\":\"2021-02-06T17:45:26.381Z\"}]}]}]}],\"version\":\"4.4.16\"} --><\/p>\n","protected":false},"excerpt":{"rendered":"<p>T. 040 429 338 69 E-Mail-Kontakt Kontakt H\u00e4ngendes Oberlid (Ptosis) Danach sieht man klarer: Korrektur des H\u00e4ngelids. Weitere Informationen Auf einen Blick. Operateurin: Dr. Sylvia Green Operationsdauer: 60 Min. An\u00e4sthesie: Lokale Bet\u00e4ubung mit Analgosedierung (An\u00e4sthesiebegleitung) Heilung\/Nachsorge: K\u00fchlung, Fadenzug 10 Tage Sportpause: 2-3 Wochen Abrechnung: Nach GO\u00c4 H\u00e4ngendes Oberlid: Ptosis. Bei einem H\u00e4ngelid, auch Ptosis, handelt [&hellip;]<\/p>\n","protected":false},"author":1,"featured_media":0,"parent":389,"menu_order":1,"comment_status":"closed","ping_status":"closed","template":"","meta":{"footnotes":""},"class_list":["post-68","page","type-page","status-publish","hentry"],"yoast_head":"<!-- This site is optimized with the Yoast SEO plugin v27.4 - https:\/\/yoast.com\/product\/yoast-seo-wordpress\/ -->\n<title>H\u00e4ngelid (Ptosis) - Lidchirurgie Hamburg<\/title>\n<meta name=\"robots\" content=\"index, follow, max-snippet:-1, max-image-preview:large, max-video-preview:-1\" \/>\n<link rel=\"canonical\" href=\"https:\/\/lidchirurgie-hamburg.de\/index.php\/leistungen\/lidfehlstellungen\/ptosis-haengelid\/\" \/>\n<meta property=\"og:locale\" content=\"de_DE\" \/>\n<meta property=\"og:type\" content=\"article\" \/>\n<meta property=\"og:title\" content=\"H\u00e4ngelid (Ptosis) - Lidchirurgie Hamburg\" \/>\n<meta property=\"og:description\" content=\"T. 040 429 338 69 E-Mail-Kontakt Kontakt H\u00e4ngendes Oberlid (Ptosis) Danach sieht man klarer: Korrektur des H\u00e4ngelids. Weitere Informationen Auf einen Blick. Operateurin: Dr. Sylvia Green Operationsdauer: 60 Min. An\u00e4sthesie: Lokale Bet\u00e4ubung mit Analgosedierung (An\u00e4sthesiebegleitung) Heilung\/Nachsorge: K\u00fchlung, Fadenzug 10 Tage Sportpause: 2-3 Wochen Abrechnung: Nach GO\u00c4 H\u00e4ngendes Oberlid: Ptosis. Bei einem H\u00e4ngelid, auch Ptosis, handelt [&hellip;]\" \/>\n<meta property=\"og:url\" content=\"https:\/\/lidchirurgie-hamburg.de\/index.php\/leistungen\/lidfehlstellungen\/ptosis-haengelid\/\" \/>\n<meta property=\"og:site_name\" content=\"Lidchirurgie Hamburg\" \/>\n<meta property=\"article:modified_time\" content=\"2024-11-28T09:35:04+00:00\" \/>\n<meta name=\"twitter:card\" content=\"summary_large_image\" \/>\n<meta name=\"twitter:label1\" content=\"Gesch\u00e4tzte Lesezeit\" \/>\n\t<meta name=\"twitter:data1\" content=\"1\u00a0Minute\" \/>\n<script type=\"application\/ld+json\" class=\"yoast-schema-graph\">{\"@context\":\"https:\\\/\\\/schema.org\",\"@graph\":[{\"@type\":\"WebPage\",\"@id\":\"https:\\\/\\\/lidchirurgie-hamburg.de\\\/index.php\\\/leistungen\\\/lidfehlstellungen\\\/ptosis-haengelid\\\/\",\"url\":\"https:\\\/\\\/lidchirurgie-hamburg.de\\\/index.php\\\/leistungen\\\/lidfehlstellungen\\\/ptosis-haengelid\\\/\",\"name\":\"H\u00e4ngelid (Ptosis) - Lidchirurgie Hamburg\",\"isPartOf\":{\"@id\":\"https:\\\/\\\/lidchirurgie-hamburg.de\\\/#website\"},\"datePublished\":\"2024-04-08T09:37:41+00:00\",\"dateModified\":\"2024-11-28T09:35:04+00:00\",\"breadcrumb\":{\"@id\":\"https:\\\/\\\/lidchirurgie-hamburg.de\\\/index.php\\\/leistungen\\\/lidfehlstellungen\\\/ptosis-haengelid\\\/#breadcrumb\"},\"inLanguage\":\"de\",\"potentialAction\":[{\"@type\":\"ReadAction\",\"target\":[\"https:\\\/\\\/lidchirurgie-hamburg.de\\\/index.php\\\/leistungen\\\/lidfehlstellungen\\\/ptosis-haengelid\\\/\"]}]},{\"@type\":\"BreadcrumbList\",\"@id\":\"https:\\\/\\\/lidchirurgie-hamburg.de\\\/index.php\\\/leistungen\\\/lidfehlstellungen\\\/ptosis-haengelid\\\/#breadcrumb\",\"itemListElement\":[{\"@type\":\"ListItem\",\"position\":1,\"name\":\"Startseite\",\"item\":\"https:\\\/\\\/lidchirurgie-hamburg.de\\\/\"},{\"@type\":\"ListItem\",\"position\":2,\"name\":\"Leistungen\",\"item\":\"https:\\\/\\\/lidchirurgie-hamburg.de\\\/index.php\\\/leistungen\\\/\"},{\"@type\":\"ListItem\",\"position\":3,\"name\":\"Lidfehlstellungen\",\"item\":\"https:\\\/\\\/lidchirurgie-hamburg.de\\\/index.php\\\/leistungen\\\/lidfehlstellungen\\\/\"},{\"@type\":\"ListItem\",\"position\":4,\"name\":\"H\u00e4ngelid (Ptosis)\"}]},{\"@type\":\"WebSite\",\"@id\":\"https:\\\/\\\/lidchirurgie-hamburg.de\\\/#website\",\"url\":\"https:\\\/\\\/lidchirurgie-hamburg.de\\\/\",\"name\":\"Lidchirurgie Hamburg\",\"description\":\"Hier werde ich gesehen.\",\"potentialAction\":[{\"@type\":\"SearchAction\",\"target\":{\"@type\":\"EntryPoint\",\"urlTemplate\":\"https:\\\/\\\/lidchirurgie-hamburg.de\\\/?s={search_term_string}\"},\"query-input\":{\"@type\":\"PropertyValueSpecification\",\"valueRequired\":true,\"valueName\":\"search_term_string\"}}],\"inLanguage\":\"de\"}]}<\/script>\n<!-- \/ Yoast SEO plugin. -->","yoast_head_json":{"title":"H\u00e4ngelid (Ptosis) - Lidchirurgie Hamburg","robots":{"index":"index","follow":"follow","max-snippet":"max-snippet:-1","max-image-preview":"max-image-preview:large","max-video-preview":"max-video-preview:-1"},"canonical":"https:\/\/lidchirurgie-hamburg.de\/index.php\/leistungen\/lidfehlstellungen\/ptosis-haengelid\/","og_locale":"de_DE","og_type":"article","og_title":"H\u00e4ngelid (Ptosis) - Lidchirurgie Hamburg","og_description":"T. 040 429 338 69 E-Mail-Kontakt Kontakt H\u00e4ngendes Oberlid (Ptosis) Danach sieht man klarer: Korrektur des H\u00e4ngelids. Weitere Informationen Auf einen Blick. Operateurin: Dr. Sylvia Green Operationsdauer: 60 Min. An\u00e4sthesie: Lokale Bet\u00e4ubung mit Analgosedierung (An\u00e4sthesiebegleitung) Heilung\/Nachsorge: K\u00fchlung, Fadenzug 10 Tage Sportpause: 2-3 Wochen Abrechnung: Nach GO\u00c4 H\u00e4ngendes Oberlid: Ptosis. Bei einem H\u00e4ngelid, auch Ptosis, handelt [&hellip;]","og_url":"https:\/\/lidchirurgie-hamburg.de\/index.php\/leistungen\/lidfehlstellungen\/ptosis-haengelid\/","og_site_name":"Lidchirurgie Hamburg","article_modified_time":"2024-11-28T09:35:04+00:00","twitter_card":"summary_large_image","twitter_misc":{"Gesch\u00e4tzte Lesezeit":"1\u00a0Minute"},"schema":{"@context":"https:\/\/schema.org","@graph":[{"@type":"WebPage","@id":"https:\/\/lidchirurgie-hamburg.de\/index.php\/leistungen\/lidfehlstellungen\/ptosis-haengelid\/","url":"https:\/\/lidchirurgie-hamburg.de\/index.php\/leistungen\/lidfehlstellungen\/ptosis-haengelid\/","name":"H\u00e4ngelid (Ptosis) - Lidchirurgie Hamburg","isPartOf":{"@id":"https:\/\/lidchirurgie-hamburg.de\/#website"},"datePublished":"2024-04-08T09:37:41+00:00","dateModified":"2024-11-28T09:35:04+00:00","breadcrumb":{"@id":"https:\/\/lidchirurgie-hamburg.de\/index.php\/leistungen\/lidfehlstellungen\/ptosis-haengelid\/#breadcrumb"},"inLanguage":"de","potentialAction":[{"@type":"ReadAction","target":["https:\/\/lidchirurgie-hamburg.de\/index.php\/leistungen\/lidfehlstellungen\/ptosis-haengelid\/"]}]},{"@type":"BreadcrumbList","@id":"https:\/\/lidchirurgie-hamburg.de\/index.php\/leistungen\/lidfehlstellungen\/ptosis-haengelid\/#breadcrumb","itemListElement":[{"@type":"ListItem","position":1,"name":"Startseite","item":"https:\/\/lidchirurgie-hamburg.de\/"},{"@type":"ListItem","position":2,"name":"Leistungen","item":"https:\/\/lidchirurgie-hamburg.de\/index.php\/leistungen\/"},{"@type":"ListItem","position":3,"name":"Lidfehlstellungen","item":"https:\/\/lidchirurgie-hamburg.de\/index.php\/leistungen\/lidfehlstellungen\/"},{"@type":"ListItem","position":4,"name":"H\u00e4ngelid (Ptosis)"}]},{"@type":"WebSite","@id":"https:\/\/lidchirurgie-hamburg.de\/#website","url":"https:\/\/lidchirurgie-hamburg.de\/","name":"Lidchirurgie Hamburg","description":"Hier werde ich gesehen.","potentialAction":[{"@type":"SearchAction","target":{"@type":"EntryPoint","urlTemplate":"https:\/\/lidchirurgie-hamburg.de\/?s={search_term_string}"},"query-input":{"@type":"PropertyValueSpecification","valueRequired":true,"valueName":"search_term_string"}}],"inLanguage":"de"}]}},"_links":{"self":[{"href":"https:\/\/lidchirurgie-hamburg.de\/index.php\/wp-json\/wp\/v2\/pages\/68","targetHints":{"allow":["GET"]}}],"collection":[{"href":"https:\/\/lidchirurgie-hamburg.de\/index.php\/wp-json\/wp\/v2\/pages"}],"about":[{"href":"https:\/\/lidchirurgie-hamburg.de\/index.php\/wp-json\/wp\/v2\/types\/page"}],"author":[{"embeddable":true,"href":"https:\/\/lidchirurgie-hamburg.de\/index.php\/wp-json\/wp\/v2\/users\/1"}],"replies":[{"embeddable":true,"href":"https:\/\/lidchirurgie-hamburg.de\/index.php\/wp-json\/wp\/v2\/comments?post=68"}],"version-history":[{"count":39,"href":"https:\/\/lidchirurgie-hamburg.de\/index.php\/wp-json\/wp\/v2\/pages\/68\/revisions"}],"predecessor-version":[{"id":1248,"href":"https:\/\/lidchirurgie-hamburg.de\/index.php\/wp-json\/wp\/v2\/pages\/68\/revisions\/1248"}],"up":[{"embeddable":true,"href":"https:\/\/lidchirurgie-hamburg.de\/index.php\/wp-json\/wp\/v2\/pages\/389"}],"wp:attachment":[{"href":"https:\/\/lidchirurgie-hamburg.de\/index.php\/wp-json\/wp\/v2\/media?parent=68"}],"curies":[{"name":"wp","href":"https:\/\/api.w.org\/{rel}","templated":true}]}}