{"id":84,"date":"2024-04-08T09:42:58","date_gmt":"2024-04-08T09:42:58","guid":{"rendered":"https:\/\/lidchirurgie.clusterzone.de\/?page_id=84"},"modified":"2024-05-02T06:18:24","modified_gmt":"2024-05-02T06:18:24","slug":"impressum","status":"publish","type":"page","link":"https:\/\/lidchirurgie-hamburg.de\/index.php\/impressum\/","title":{"rendered":"Impressum"},"content":{"rendered":"<ul>\n<li>\n        <a href=\"tel:+494042933869\">T. 040 429 338 69<\/a>\n    <\/li>\n<li>\n        <a href=\"mailto:info@lidchirurgie-hamburg.de\">E-Mail-Kontakt<\/a>\n    <\/li>\n<li>\n        <a href=\"\/index.php\/kontakt\/\">Kontakt<\/a>\n    <\/li>\n<\/ul>\n<div>\n<p><strong>OP-Zentrum Lidchirurgie Hamburg<\/strong><\/p>\n<h3>Impressum<\/h3>\n<p><strong>Die Internetseite lidchirurgie-hamburg.de wird betrieben von:<br \/><\/strong>Ophthalmologikum Dres. J\u00f8rgensen, Lerche, Galambos, Kl\u00e4r-Di\u00dfars GmbH <br \/>(&#8222;MVZ Ophthalmologikum&#8220;)<br \/>Gesch\u00e4ftsf\u00fchrer: Dr. Peter Galambos | Dr. J\u00f8rn S. J\u00f8rgensen<br \/>Waitzstrasse 29a | 22607 Hamburg<br \/>Amtsgericht Hamburg HRB 118988, USt.-IdNr: DE278367881<\/p>\n<p>Tel.: +49 (0) 40 429 338 69<br \/><a href=\"mailto:info@lidchirurgie-hamburg.de\">info@lidchirurgie-hamburg.de<\/a><\/p>\n<div>\n<p><strong>Gesetzliche Berufsbezeichnung: <\/strong><br \/>Arzt oder Facharzt f\u00fcr Augenheilkunde<br \/>(Berufsbezeichnung verliehen in der Bundesrepublik Deutschland)<\/p>\n<p><strong>Zust\u00e4ndige Berufskammer: <\/strong><br \/>\u00c4rztekammer Hamburg<br \/>Weidestr. 122 B | 22083 Hamburg\u00a0<br \/>Tel.: 040 202299-0\u00a0<br \/>Fax: 040 202299-400\u00a0<br \/><a href=\"mailto:post@aekhh.de\">post@aekhh.de<\/a><br \/><strong><a href=\"http:\/\/www.aerztekammer-hamburg.de\/\">www.aerztekammer-hamburg.de<\/a><\/strong><\/p>\n<\/div>\n<div>\n<p><strong>Zust\u00e4ndige Aufsichtsbeh\u00f6rde: <\/strong><br \/>Kassen\u00e4rztliche Vereinigung Hamburg (KVH)<br \/>Humboldtstra\u00dfe 56 | 22083 Hamburg<br \/>Tel.: 040 22802-0<br \/><strong>\u00a0<a href=\"http:\/\/www.kvhh.de\/\">www.kvhh.de<\/a><\/strong><\/p>\n<p><strong>Berufsrechtliche Regelung: <\/strong><br \/>Berufsordnung f\u00fcr Hamburger \u00c4rzte und \u00c4rztinnen, <br \/>Hamburgisches Kammergesetz f\u00fcr die Heilberufe sowie weitere Rechtsvorschriften; <br \/>abrufbar auf: <br \/><strong><a href=\"http:\/\/www.aerztekammer-hamburg.org\/rechtsvorschriften.html\">www.aerztekammer-hamburg.org\/rechtsvorschriften.html<\/a><\/strong><\/p>\n<p><strong>Fotonachweise: <\/strong><br \/><strong><a href=\"http:\/\/www.shutterstock.com\/\">www.shutterstock.com<\/a><\/strong><br \/><span>Bildnummern: Stock-Foto ID:<br \/><\/span><span>2204048563, 351200807, 2276345185, 406873405, 1512771488, <\/span><span class=\"MuiTypography-root MuiTypography-body1 MuiTypography-noWrap mui-nztmdo-title-title\" title=\"751341865\">751341865<\/span><\/p>\n<p><span>Alle weiteren Fotos \u2013 \u00a9 Dirk Pudwell: <\/span><span><strong><a href=\"http:\/\/www.pudwellfotografie.de\/\">www.pudwellfotografie.de<\/a><\/strong><br \/>Konzeption: <strong><a href=\"https:\/\/www.goodguysadvertising.de\/\" target=\"_blank\" rel=\"noopener\">www.goodguysadvertising.de<\/a><\/strong><br \/>Technische Umsetzung: <strong><a href=\"http:\/\/www.clusterzone.de\/\" target=\"_blank\" rel=\"noopener\">www.clusterzone.de<\/a><\/strong><\/span><\/p>\n<\/div>\n<\/div>\n<ul>\n<li>\n        <a href=\"\/index.php\/privacy-policy\/\">Datenschutz<\/a>\n    <\/li>\n<li>\n        <a href=\"\/index.php\/impressum\/\">Impressum<\/a>\n    <\/li>\n<\/ul>\n<p><!--more--><br \/>\n<!-- {\"type\":\"layout\",\"children\":[{\"type\":\"section\",\"props\":{\"image_position\":\"center-center\",\"style\":\"default\",\"title_breakpoint\":\"xl\",\"title_position\":\"top-left\",\"title_rotation\":\"left\",\"vertical_align\":\"middle\",\"width\":\"default\"},\"children\":[{\"type\":\"row\",\"children\":[{\"type\":\"column\",\"props\":{\"image_position\":\"center-center\",\"position_sticky_breakpoint\":\"m\"},\"children\":[{\"type\":\"button\",\"props\":{\"grid_column_gap\":\"small\",\"grid_row_gap\":\"small\",\"margin\":\"default\",\"text_align\":\"center\",\"visibility\":\"hidden-l\"},\"children\":[{\"type\":\"button_item\",\"props\":{\"button_style\":\"primary\",\"content\":\"T. 040 429 338 69\",\"icon_align\":\"left\",\"link\":\"tel:+494042933869\"}},{\"type\":\"button_item\",\"props\":{\"button_style\":\"default\",\"content\":\"E-Mail-Kontakt\",\"icon_align\":\"left\",\"link\":\"mailto:info@lidchirurgie-hamburg.de\"}},{\"type\":\"button_item\",\"props\":{\"button_style\":\"default\",\"content\":\"Kontakt\",\"icon_align\":\"left\",\"link\":\"index.php\\\/kontakt\\\/\"}}],\"name\":\"Shortbuttons\"}]}]}],\"name\":\"Shortbuttons\"},{\"type\":\"section\",\"props\":{\"image_position\":\"center-center\",\"style\":\"default\",\"title_breakpoint\":\"xl\",\"title_position\":\"top-left\",\"title_rotation\":\"left\",\"vertical_align\":\"middle\",\"width\":\"default\"},\"children\":[{\"type\":\"row\",\"children\":[{\"type\":\"column\",\"props\":{\"image_position\":\"center-center\",\"position_sticky_breakpoint\":\"m\",\"width_medium\":\"3-4\"},\"children\":[{\"type\":\"text\",\"props\":{\"column_breakpoint\":\"m\",\"content\":\"\n\n<p><strong>OP-Zentrum Lidchirurgie Hamburg<\\\/strong><\\\/p>\\n\n\n<h3>Impressum<\\\/h3>\\n\n\n<p><strong>Die Internetseite lidchirurgie-hamburg.de wird betrieben von:<br \\\/><\\\/strong>Ophthalmologikum Dres. J\\u00f8rgensen, Lerche, Galambos, Kl\\u00e4r-Di\\u00dfars GmbH <br \\\/>(\\\"MVZ Ophthalmologikum\\\")<br \\\/>Gesch\\u00e4ftsf\\u00fchrer: Dr. Peter Galambos | Dr. J\\u00f8rn S. J\\u00f8rgensen<br \\\/>Waitzstrasse 29a | 22607 Hamburg<br \\\/>Amtsgericht Hamburg HRB 118988, USt.-IdNr: DE278367881<\\\/p>\\n\n\n<p>Tel.: +49 (0) 40 429 338 69<br \\\/><a href=\\\"mailto:info@lidchirurgie-hamburg.de\\\">info@lidchirurgie-hamburg.de<\\\/a><\\\/p>\\n\n\n<div>\\n\n\n<p><strong>Gesetzliche Berufsbezeichnung: <\\\/strong><br \\\/>Arzt oder Facharzt f\\u00fcr Augenheilkunde<br \\\/>(Berufsbezeichnung verliehen in der Bundesrepublik Deutschland)<br \\\/><br \\\/><strong>Zust\\u00e4ndige Berufskammer: <\\\/strong><br \\\/>\\u00c4rztekammer Hamburg<br \\\/>Weidestr. 122 B | 22083 Hamburg\\u00a0<br \\\/>Tel.: 040 202299-0\\u00a0<br \\\/>Fax: 040 202299-400\\u00a0<br \\\/><a href=\\\"mailto:post@aekhh.de\\\">post@aekhh.de<\\\/a><br \\\/><strong><a href=\\\"http:\\\/\\\/www.aerztekammer-hamburg.de\\\/\\\">www.aerztekammer-hamburg.de<\\\/a><\\\/strong><\\\/p>\\n<\\\/div>\\n\n\n<div>\\n\n\n<p><strong>Zust\\u00e4ndige Aufsichtsbeh\\u00f6rde: <\\\/strong><br \\\/>Kassen\\u00e4rztliche Vereinigung Hamburg (KVH)<br \\\/>Humboldtstra\\u00dfe 56 | 22083 Hamburg<br \\\/>Tel.: 040 22802-0<br \\\/><strong>\\u00a0<a href=\\\"http:\\\/\\\/www.kvhh.de\\\/\\\">www.kvhh.de<\\\/a><\\\/strong><\\\/p>\\n\n\n<p><strong>Berufsrechtliche Regelung: <\\\/strong><br \\\/>Berufsordnung f\\u00fcr Hamburger \\u00c4rzte und \\u00c4rztinnen, <br \\\/>Hamburgisches Kammergesetz f\\u00fcr die Heilberufe sowie weitere Rechtsvorschriften; <br \\\/>abrufbar auf: <br \\\/><strong><a href=\\\"http:\\\/\\\/www.aerztekammer-hamburg.org\\\/rechtsvorschriften.html\\\">www.aerztekammer-hamburg.org\\\/rechtsvorschriften.html<\\\/a><\\\/strong><\\\/p>\\n\n\n<p><strong>Fotonachweise: <\\\/strong><br \\\/><strong><a href=\\\"http:\\\/\\\/www.shutterstock.com\\\/\\\">www.shutterstock.com<\\\/a><\\\/strong><br \\\/><span>Bildnummern: Stock-Foto ID:<br \\\/><\\\/span><span>2204048563, 351200807, 2276345185, 406873405, 1512771488, <\\\/span><span class=\\\"MuiTypography-root MuiTypography-body1 MuiTypography-noWrap mui-nztmdo-title-title\\\" title=\\\"751341865\\\">751341865<\\\/span><\\\/p>\\n\n\n<p><span>Alle weiteren Fotos \\u2013 \\u00a9 Dirk Pudwell: <\\\/span><span><strong><a href=\\\"http:\\\/\\\/www.pudwellfotografie.de\\\/\\\">www.pudwellfotografie.de<\\\/a><\\\/strong><br \\\/>Konzeption: <strong><a href=\\\"https:\\\/\\\/www.goodguysadvertising.de\\\/\\\" target=\\\"_blank\\\" rel=\\\"noopener\\\">www.goodguysadvertising.de<\\\/a><\\\/strong><br \\\/>Technische Umsetzung: <strong><a href=\\\"http:\\\/\\\/www.clusterzone.de\\\/\\\" target=\\\"_blank\\\" rel=\\\"noopener\\\">www.clusterzone.de<\\\/a><\\\/strong><\\\/span><\\\/p>\\n<\\\/div>\",\"margin\":\"default\"},\"modified\":\"2021-02-04T04:15:08.016Z\",\"name\":\"Impressum\"}]},{\"type\":\"column\",\"props\":{\"image_position\":\"center-center\",\"position_sticky_breakpoint\":\"m\",\"width_medium\":\"1-4\"},\"children\":[{\"type\":\"subnav\",\"props\":{\"maxwidth\":\"small\"},\"children\":[{\"type\":\"subnav_item\",\"props\":{\"content\":\"Datenschutz\",\"link\":\"index.php\\\/privacy-policy\\\/\"}},{\"type\":\"subnav_item\",\"props\":{\"content\":\"Impressum\",\"link\":\"index.php\\\/impressum\\\/\"}}],\"modified\":\"2021-03-16T18:41:09.097Z\",\"name\":\"Subnavi_Imprint\"}]}],\"props\":{\"layout\":\"3-4,1-4\"}}],\"name\":\"AZ Impressum\"}],\"version\":\"4.3.13\"} --><\/p>\n","protected":false},"excerpt":{"rendered":"<p>T. 040 429 338 69 E-Mail-Kontakt Kontakt OP-Zentrum Lidchirurgie Hamburg Impressum Die Internetseite lidchirurgie-hamburg.de wird betrieben von:Ophthalmologikum Dres. J\u00f8rgensen, Lerche, Galambos, Kl\u00e4r-Di\u00dfars GmbH (&#8222;MVZ Ophthalmologikum&#8220;)Gesch\u00e4ftsf\u00fchrer: Dr. Peter Galambos | Dr. J\u00f8rn S. J\u00f8rgensenWaitzstrasse 29a | 22607 HamburgAmtsgericht Hamburg HRB 118988, USt.-IdNr: DE278367881 Tel.: +49 (0) 40 429 338 69info@lidchirurgie-hamburg.de Gesetzliche Berufsbezeichnung: Arzt oder Facharzt f\u00fcr [&hellip;]<\/p>\n","protected":false},"author":1,"featured_media":0,"parent":0,"menu_order":5,"comment_status":"closed","ping_status":"closed","template":"","meta":{"footnotes":""},"class_list":["post-84","page","type-page","status-publish","hentry"],"yoast_head":"<!-- This site is optimized with the Yoast SEO plugin v27.5 - https:\/\/yoast.com\/product\/yoast-seo-wordpress\/ -->\n<title>Impressum - Lidchirurgie Hamburg<\/title>\n<meta name=\"robots\" content=\"index, follow, max-snippet:-1, max-image-preview:large, max-video-preview:-1\" \/>\n<link rel=\"canonical\" href=\"https:\/\/lidchirurgie-hamburg.de\/index.php\/impressum\/\" \/>\n<meta property=\"og:locale\" content=\"de_DE\" \/>\n<meta property=\"og:type\" content=\"article\" \/>\n<meta property=\"og:title\" content=\"Impressum - Lidchirurgie Hamburg\" \/>\n<meta property=\"og:description\" content=\"T. 040 429 338 69 E-Mail-Kontakt Kontakt OP-Zentrum Lidchirurgie Hamburg Impressum Die Internetseite lidchirurgie-hamburg.de wird betrieben von:Ophthalmologikum Dres. J\u00f8rgensen, Lerche, Galambos, Kl\u00e4r-Di\u00dfars GmbH (&#8222;MVZ Ophthalmologikum&#8220;)Gesch\u00e4ftsf\u00fchrer: Dr. Peter Galambos | Dr. J\u00f8rn S. J\u00f8rgensenWaitzstrasse 29a | 22607 HamburgAmtsgericht Hamburg HRB 118988, USt.-IdNr: DE278367881 Tel.: +49 (0) 40 429 338 69info@lidchirurgie-hamburg.de Gesetzliche Berufsbezeichnung: Arzt oder Facharzt f\u00fcr [&hellip;]\" \/>\n<meta property=\"og:url\" content=\"https:\/\/lidchirurgie-hamburg.de\/index.php\/impressum\/\" \/>\n<meta property=\"og:site_name\" content=\"Lidchirurgie Hamburg\" \/>\n<meta property=\"article:modified_time\" content=\"2024-05-02T06:18:24+00:00\" \/>\n<meta name=\"twitter:card\" content=\"summary_large_image\" \/>\n<meta name=\"twitter:label1\" content=\"Gesch\u00e4tzte Lesezeit\" \/>\n\t<meta name=\"twitter:data1\" content=\"1\u00a0Minute\" \/>\n<script type=\"application\/ld+json\" class=\"yoast-schema-graph\">{\"@context\":\"https:\\\/\\\/schema.org\",\"@graph\":[{\"@type\":\"WebPage\",\"@id\":\"https:\\\/\\\/lidchirurgie-hamburg.de\\\/index.php\\\/impressum\\\/\",\"url\":\"https:\\\/\\\/lidchirurgie-hamburg.de\\\/index.php\\\/impressum\\\/\",\"name\":\"Impressum - Lidchirurgie Hamburg\",\"isPartOf\":{\"@id\":\"https:\\\/\\\/lidchirurgie-hamburg.de\\\/#website\"},\"datePublished\":\"2024-04-08T09:42:58+00:00\",\"dateModified\":\"2024-05-02T06:18:24+00:00\",\"breadcrumb\":{\"@id\":\"https:\\\/\\\/lidchirurgie-hamburg.de\\\/index.php\\\/impressum\\\/#breadcrumb\"},\"inLanguage\":\"de\",\"potentialAction\":[{\"@type\":\"ReadAction\",\"target\":[\"https:\\\/\\\/lidchirurgie-hamburg.de\\\/index.php\\\/impressum\\\/\"]}]},{\"@type\":\"BreadcrumbList\",\"@id\":\"https:\\\/\\\/lidchirurgie-hamburg.de\\\/index.php\\\/impressum\\\/#breadcrumb\",\"itemListElement\":[{\"@type\":\"ListItem\",\"position\":1,\"name\":\"Startseite\",\"item\":\"https:\\\/\\\/lidchirurgie-hamburg.de\\\/\"},{\"@type\":\"ListItem\",\"position\":2,\"name\":\"Impressum\"}]},{\"@type\":\"WebSite\",\"@id\":\"https:\\\/\\\/lidchirurgie-hamburg.de\\\/#website\",\"url\":\"https:\\\/\\\/lidchirurgie-hamburg.de\\\/\",\"name\":\"Lidchirurgie Hamburg\",\"description\":\"Hier werde ich gesehen.\",\"potentialAction\":[{\"@type\":\"SearchAction\",\"target\":{\"@type\":\"EntryPoint\",\"urlTemplate\":\"https:\\\/\\\/lidchirurgie-hamburg.de\\\/?s={search_term_string}\"},\"query-input\":{\"@type\":\"PropertyValueSpecification\",\"valueRequired\":true,\"valueName\":\"search_term_string\"}}],\"inLanguage\":\"de\"}]}<\/script>\n<!-- \/ Yoast SEO plugin. -->","yoast_head_json":{"title":"Impressum - Lidchirurgie Hamburg","robots":{"index":"index","follow":"follow","max-snippet":"max-snippet:-1","max-image-preview":"max-image-preview:large","max-video-preview":"max-video-preview:-1"},"canonical":"https:\/\/lidchirurgie-hamburg.de\/index.php\/impressum\/","og_locale":"de_DE","og_type":"article","og_title":"Impressum - Lidchirurgie Hamburg","og_description":"T. 040 429 338 69 E-Mail-Kontakt Kontakt OP-Zentrum Lidchirurgie Hamburg Impressum Die Internetseite lidchirurgie-hamburg.de wird betrieben von:Ophthalmologikum Dres. J\u00f8rgensen, Lerche, Galambos, Kl\u00e4r-Di\u00dfars GmbH (&#8222;MVZ Ophthalmologikum&#8220;)Gesch\u00e4ftsf\u00fchrer: Dr. Peter Galambos | Dr. J\u00f8rn S. J\u00f8rgensenWaitzstrasse 29a | 22607 HamburgAmtsgericht Hamburg HRB 118988, USt.-IdNr: DE278367881 Tel.: +49 (0) 40 429 338 69info@lidchirurgie-hamburg.de Gesetzliche Berufsbezeichnung: Arzt oder Facharzt f\u00fcr [&hellip;]","og_url":"https:\/\/lidchirurgie-hamburg.de\/index.php\/impressum\/","og_site_name":"Lidchirurgie Hamburg","article_modified_time":"2024-05-02T06:18:24+00:00","twitter_card":"summary_large_image","twitter_misc":{"Gesch\u00e4tzte Lesezeit":"1\u00a0Minute"},"schema":{"@context":"https:\/\/schema.org","@graph":[{"@type":"WebPage","@id":"https:\/\/lidchirurgie-hamburg.de\/index.php\/impressum\/","url":"https:\/\/lidchirurgie-hamburg.de\/index.php\/impressum\/","name":"Impressum - Lidchirurgie Hamburg","isPartOf":{"@id":"https:\/\/lidchirurgie-hamburg.de\/#website"},"datePublished":"2024-04-08T09:42:58+00:00","dateModified":"2024-05-02T06:18:24+00:00","breadcrumb":{"@id":"https:\/\/lidchirurgie-hamburg.de\/index.php\/impressum\/#breadcrumb"},"inLanguage":"de","potentialAction":[{"@type":"ReadAction","target":["https:\/\/lidchirurgie-hamburg.de\/index.php\/impressum\/"]}]},{"@type":"BreadcrumbList","@id":"https:\/\/lidchirurgie-hamburg.de\/index.php\/impressum\/#breadcrumb","itemListElement":[{"@type":"ListItem","position":1,"name":"Startseite","item":"https:\/\/lidchirurgie-hamburg.de\/"},{"@type":"ListItem","position":2,"name":"Impressum"}]},{"@type":"WebSite","@id":"https:\/\/lidchirurgie-hamburg.de\/#website","url":"https:\/\/lidchirurgie-hamburg.de\/","name":"Lidchirurgie Hamburg","description":"Hier werde ich gesehen.","potentialAction":[{"@type":"SearchAction","target":{"@type":"EntryPoint","urlTemplate":"https:\/\/lidchirurgie-hamburg.de\/?s={search_term_string}"},"query-input":{"@type":"PropertyValueSpecification","valueRequired":true,"valueName":"search_term_string"}}],"inLanguage":"de"}]}},"_links":{"self":[{"href":"https:\/\/lidchirurgie-hamburg.de\/index.php\/wp-json\/wp\/v2\/pages\/84","targetHints":{"allow":["GET"]}}],"collection":[{"href":"https:\/\/lidchirurgie-hamburg.de\/index.php\/wp-json\/wp\/v2\/pages"}],"about":[{"href":"https:\/\/lidchirurgie-hamburg.de\/index.php\/wp-json\/wp\/v2\/types\/page"}],"author":[{"embeddable":true,"href":"https:\/\/lidchirurgie-hamburg.de\/index.php\/wp-json\/wp\/v2\/users\/1"}],"replies":[{"embeddable":true,"href":"https:\/\/lidchirurgie-hamburg.de\/index.php\/wp-json\/wp\/v2\/comments?post=84"}],"version-history":[{"count":8,"href":"https:\/\/lidchirurgie-hamburg.de\/index.php\/wp-json\/wp\/v2\/pages\/84\/revisions"}],"predecessor-version":[{"id":1086,"href":"https:\/\/lidchirurgie-hamburg.de\/index.php\/wp-json\/wp\/v2\/pages\/84\/revisions\/1086"}],"wp:attachment":[{"href":"https:\/\/lidchirurgie-hamburg.de\/index.php\/wp-json\/wp\/v2\/media?parent=84"}],"curies":[{"name":"wp","href":"https:\/\/api.w.org\/{rel}","templated":true}]}}